{"id":23204,"date":"2023-12-30T07:56:37","date_gmt":"2023-12-29T23:56:37","guid":{"rendered":"http:\/\/stone-phoenix.com\/product\/chinese-granite-g623-tombstone-monuments-headstone"},"modified":"2024-01-25T09:59:39","modified_gmt":"2024-01-25T01:59:39","slug":"chinese-granite-g623-tombstone-monuments-headstone","status":"publish","type":"product","link":"https:\/\/stone-phoenix.com\/fr\/produit\/chinese-granite-g623-tombstone-monuments-headstone","title":{"rendered":"Granit chinois G623 Pierre tombale Monuments Pierre tombale"},"content":{"rendered":"<div class=\"c\">\n<p><span style=\"line-height: 200%;\"><span style=\"font-size: 16px;\">\u00a0 \u00a0 \u00a0<span style=\"vertical-align: inherit;\"><span style=\"vertical-align: inherit;\">Monument fun\u00e9raire en granit chinois G623Pierre tombale. Laizhou Phoenix Stone vend en gros des pierres tombales grises aux march\u00e9s europ\u00e9ens et am\u00e9ricains.<br \/>\nPierre tombale Les pierres tombales en granit peuvent accumuler toutes sortes de salet\u00e9s et de taches dues aux intemp\u00e9ries et au sol environnant. Ces taches peuvent s'accumuler au fil du temps, entra\u00eenant des d\u00e9p\u00f4ts inesth\u00e9tiques et le d\u00e9veloppement de moisissures et de champignons.<br \/>\nLe granit est un mat\u00e9riau populaire pour les pierres tombales. C'est une excellente pierre parce qu'elle est abondante et qu'elle se pr\u00e9sente dans une vari\u00e9t\u00e9 de couleurs et de textures cristallines.<br \/>\nPierre tombale en granit grisG623Les intemp\u00e9ries sont \u00e9galement lentes, ce qui signifie que les gravures sur les pierres tombales peuvent \u00eatre lues pendant des centaines d'ann\u00e9es.<br \/>\nPlus de 10 ans d'exp\u00e9rience dans le domaine de la pierre. Nous poss\u00e9dons des carri\u00e8res, des usines et des soci\u00e9t\u00e9s commerciales, ce qui nous permet de garantir des livraisons rapides, la meilleure qualit\u00e9 et le meilleur service. N'h\u00e9sitez pas \u00e0 nous appeler pour une consultation<\/span><\/span><\/span><\/span><\/p>\n<div style=\"text-align: center;\"><img decoding=\"async\" src=\"http:\/\/stone-phoenix.com\/wp-content\/uploads\/2023\/12\/Chinese-Granite-G623-Tombstone-Monuments-Headstone-300x300.jpg\" \/><\/div>\n<div style=\"text-align: center;\"><span style=\"font-size: 16px;\"><span style=\"vertical-align: inherit;\"><span style=\"vertical-align: inherit;\">Pierre tombale en granit G623 de Chine Monument fun\u00e9raire<\/span><\/span><\/span><\/div>\n<div><\/div>\n<div style=\"text-align: center;\"><img decoding=\"async\" title=\"China Granite G623 Gray Tombstone Monument Pack.jpg\" src=\"http:\/\/stone-phoenix.com\/wp-content\/uploads\/2023\/12\/chinese-granite-g623-tombstone-monuments-headstone_658ee8b4ec14b.png\" alt=\"\" \/><\/div>\n<div><\/div>\n<div style=\"text-align: center;\"><img decoding=\"async\" title=\"Phonenix Energy Stone Factory.jpg\" src=\"http:\/\/stone-phoenix.com\/wp-content\/uploads\/2023\/12\/chinese-granite-g623-tombstone-monuments-headstone_658ee8b526125.jpeg\" alt=\"\" \/><\/div>\n<\/div>","protected":false},"excerpt":{"rendered":"<p><span style=\"vertical-align: inherit;\"><span style=\"vertical-align: inherit;\"><span style=\"vertical-align: inherit;\"><span style=\"vertical-align: inherit;\">Pierre tombale en granit G623 de Chine Monument fun\u00e9raire<\/span><\/span><\/span><\/span><\/p>\n<p><span style=\"vertical-align: inherit;\"><span style=\"vertical-align: inherit;\"><span style=\"vertical-align: inherit;\"><span style=\"vertical-align: inherit;\">Num\u00e9ro d'article : Monument fun\u00e9raire 180929001<\/span><\/span><\/span><\/span><\/p>\n<p><span style=\"vertical-align: inherit;\"><span style=\"vertical-align: inherit;\"><span style=\"vertical-align: inherit;\"><span style=\"vertical-align: inherit;\">Pierre tombale en granit chinois G623. <\/span><\/span><\/span><span style=\"vertical-align: inherit;\"><span style=\"vertical-align: inherit;\"><span style=\"vertical-align: inherit;\">Laizhou Phoenix Stone vend en gros des pierres tombales grises aux march\u00e9s europ\u00e9ens et am\u00e9ricains.<\/span><\/span><\/span><\/span><\/p>\n<p><span style=\"vertical-align: inherit;\"><span style=\"vertical-align: inherit;\"><span style=\"vertical-align: inherit;\"><span style=\"vertical-align: inherit;\">Param\u00e8tres du produit<\/span><\/span><\/span><\/span><\/p>\n<p><span style=\"vertical-align: inherit;\"><span style=\"vertical-align: inherit;\"><span style=\"vertical-align: inherit;\"><span style=\"vertical-align: inherit;\">Couleur : <\/span><\/span><\/span><\/span><br \/>\n<span style=\"vertical-align: inherit;\"><span style=\"vertical-align: inherit;\"><span style=\"vertical-align: inherit;\"><span style=\"vertical-align: inherit;\">granit gris<\/span><\/span><\/span><\/span><\/p>\n<p><span style=\"vertical-align: inherit;\"><span style=\"vertical-align: inherit;\"><span style=\"vertical-align: inherit;\"><span style=\"vertical-align: inherit;\">Dimensions : <\/span><\/span><\/span><\/span><br \/>\n<span style=\"vertical-align: inherit;\"><span style=\"vertical-align: inherit;\"><span style=\"vertical-align: inherit;\"><span style=\"vertical-align: inherit;\">Coupe sur mesure, \u00e9paisseur du couvercle de la pierre tombale 4cm, 5cm ou 6cm.<\/span><\/span><\/span><\/span><\/p>\n<p><span style=\"vertical-align: inherit;\"><span style=\"vertical-align: inherit;\"><span style=\"vertical-align: inherit;\"><span style=\"vertical-align: inherit;\">Lieu d'origine : <\/span><\/span><\/span><\/span><br \/>\n<span style=\"vertical-align: inherit;\"><span style=\"vertical-align: inherit;\"><span style=\"vertical-align: inherit;\"><span style=\"vertical-align: inherit;\">Laizhou, Chine<\/span><\/span><\/span><\/span><\/p>\n<p><span style=\"vertical-align: inherit;\"><span style=\"vertical-align: inherit;\"><span style=\"vertical-align: inherit;\"><span style=\"vertical-align: inherit;\">Traitement de surface : <\/span><\/span><\/span><\/span><br \/>\n<span style=\"vertical-align: inherit;\"><span style=\"vertical-align: inherit;\"><span style=\"vertical-align: inherit;\"><span style=\"vertical-align: inherit;\">polir, br\u00fbler<\/span><\/span><\/span><\/span><\/p>\n<p><span style=\"vertical-align: inherit;\"><span style=\"vertical-align: inherit;\"><span style=\"vertical-align: inherit;\"><span style=\"vertical-align: inherit;\">Obtenir un devis gratuit<\/span><\/span><\/span><\/span><\/p>","protected":false},"featured_media":24547,"template":"","meta":[],"product_cat":[110],"product_tag":[],"_links":{"self":[{"href":"https:\/\/stone-phoenix.com\/fr\/wp-json\/wp\/v2\/product\/23204"}],"collection":[{"href":"https:\/\/stone-phoenix.com\/fr\/wp-json\/wp\/v2\/product"}],"about":[{"href":"https:\/\/stone-phoenix.com\/fr\/wp-json\/wp\/v2\/types\/product"}],"wp:featuredmedia":[{"embeddable":true,"href":"https:\/\/stone-phoenix.com\/fr\/wp-json\/wp\/v2\/media\/24547"}],"wp:attachment":[{"href":"https:\/\/stone-phoenix.com\/fr\/wp-json\/wp\/v2\/media?parent=23204"}],"wp:term":[{"taxonomy":"product_cat","embeddable":true,"href":"https:\/\/stone-phoenix.com\/fr\/wp-json\/wp\/v2\/product_cat?post=23204"},{"taxonomy":"product_tag","embeddable":true,"href":"https:\/\/stone-phoenix.com\/fr\/wp-json\/wp\/v2\/product_tag?post=23204"}],"curies":[{"name":"wp","href":"https:\/\/api.w.org\/{rel}","templated":true}]}}