{"id":23245,"date":"2023-12-30T07:59:35","date_gmt":"2023-12-29T23:59:35","guid":{"rendered":"http:\/\/stone-phoenix.com\/product\/stainless-steel-stone-anchors-anchors-for-stone-blocks"},"modified":"2024-06-07T22:16:51","modified_gmt":"2024-06-07T14:16:51","slug":"stainless-steel-stone-anchors-anchors-for-stone-blocks","status":"publish","type":"product","link":"https:\/\/stone-phoenix.com\/fr\/produit\/stainless-steel-stone-anchors-anchors-for-stone-blocks","title":{"rendered":"Ancres de pierre en acier inoxydable | Ancres pour blocs de pierre"},"content":{"rendered":"<div id=\"tab-description\" class=\"woocommerce-Tabs-panel woocommerce-Tabs-panel--description panel entry-content wc-tab\" role=\"tabpanel\" aria-labelledby=\"tab-title-description\">\n<h2><span style=\"font-size: 18pt;\">Ancres de pierre en acier inoxydable | Ancres pour blocs de pierre<\/span><\/h2>\n<p>Les ancres \u00e0 pierre en acier inoxydable constituent une solution de premier choix pour s\u00e9curiser les rev\u00eatements en pierre et repr\u00e9sentent le choix id\u00e9al pour les syst\u00e8mes de fixation architecturaux. Fabriqu\u00e9es en acier inoxydable 304 ou 316 de haute qualit\u00e9, ces chevilles pr\u00e9sentent une r\u00e9sistance \u00e0 la corrosion et une durabilit\u00e9 exceptionnelles, ce qui les rend adapt\u00e9es aux applications ext\u00e9rieures et int\u00e9rieures dans diverses conditions m\u00e9t\u00e9orologiques.<\/p>\n<p>Con\u00e7us dans un souci de simplicit\u00e9 et de facilit\u00e9 d'installation, les ancrages pour pierres permettent de fixer solidement les rev\u00eatements en pierre. Le produit est disponible dans une vari\u00e9t\u00e9 de types, y compris les ancres d'angle, les ancres en U et les ancres en L, qui peuvent \u00eatre choisies en fonction des besoins sp\u00e9cifiques de chaque projet. Chaque ancrage fait l'objet d'un contr\u00f4le de qualit\u00e9 et de tests stricts afin de garantir des performances et une fiabilit\u00e9 sup\u00e9rieures.<\/p>\n<p>Largement utilis\u00e9s dans les fa\u00e7ades de b\u00e2timents, les murs-rideaux, les placages en pierre et les applications paysag\u00e8res, les ancrages en pierre offrent des avantages tels que la r\u00e9sistance \u00e0 la corrosion, la r\u00e9sistance \u00e0 la charge du vent, la r\u00e9sistance sismique et la r\u00e9sistance \u00e0 la croissance des moisissures, ce qui contribue \u00e0 maintenir l'int\u00e9grit\u00e9 esth\u00e9tique et structurelle des rev\u00eatements en pierre. Le produit pr\u00e9sente \u00e9galement une capacit\u00e9 de charge \u00e9lev\u00e9e, garantissant une utilisation s\u00fbre dans diverses conditions environnementales et de charge.<\/p>\n<p>En outre, les ancrages en pierre sont respectueux de l'environnement et conformes aux exigences modernes en mati\u00e8re de construction \u00e9cologique. Leur durabilit\u00e9 et leur fiabilit\u00e9 permettent \u00e9galement de r\u00e9duire la fr\u00e9quence des op\u00e9rations de maintenance et de remplacement, ce qui se traduit par une diminution des co\u00fbts globaux du cycle de vie.<\/p>\n<p>En r\u00e9sum\u00e9, les ancres \u00e0 pierre en acier inoxydable constituent une solution performante, r\u00e9sistante \u00e0 la corrosion et facile \u00e0 installer pour s\u00e9curiser les rev\u00eatements en pierre dans diverses applications. Fabriqu\u00e9es \u00e0 partir de mat\u00e9riaux en acier inoxydable de premi\u00e8re qualit\u00e9, elles offrent des performances et une fiabilit\u00e9 sup\u00e9rieures, ce qui en fait un choix de confiance dans l'industrie de la construction.<\/p>\n<\/div>\n<p><img loading=\"lazy\" decoding=\"async\" class=\"alignnone size-full wp-image-23251\" title=\"Ancres de pierre en acier inoxydable | Ancres pour blocs de pierre\" src=\"http:\/\/stone-phoenix.com\/wp-content\/uploads\/2023\/12\/stainless-steel-stone-anchors-anchors-for-stone-blocks1703923378.png\" alt=\"Stainless Steel Stone Anchors | Anchors For Stone Blocks\" width=\"640\" height=\"1280\" srcset=\"https:\/\/stone-phoenix.com\/wp-content\/uploads\/2023\/12\/stainless-steel-stone-anchors-anchors-for-stone-blocks1703923378.png 640w, https:\/\/stone-phoenix.com\/wp-content\/uploads\/2023\/12\/stainless-steel-stone-anchors-anchors-for-stone-blocks1703923378-150x300.png 150w, https:\/\/stone-phoenix.com\/wp-content\/uploads\/2023\/12\/stainless-steel-stone-anchors-anchors-for-stone-blocks1703923378-512x1024.png 512w, https:\/\/stone-phoenix.com\/wp-content\/uploads\/2023\/12\/stainless-steel-stone-anchors-anchors-for-stone-blocks1703923378-6x12.png 6w, https:\/\/stone-phoenix.com\/wp-content\/uploads\/2023\/12\/stainless-steel-stone-anchors-anchors-for-stone-blocks1703923378-600x1200.png 600w\" sizes=\"(max-width: 640px) 100vw, 640px\" \/><\/p>\n<p><img loading=\"lazy\" decoding=\"async\" class=\"alignnone size-full wp-image-23252\" title=\"Ancres de pierre en acier inoxydable | Ancres pour blocs de pierre\" src=\"http:\/\/stone-phoenix.com\/wp-content\/uploads\/2023\/12\/stainless-steel-stone-anchors-anchors-for-stone-blocks1703923380.png\" alt=\"Stainless Steel Stone Anchors | Anchors For Stone Blocks\" width=\"750\" height=\"937\" srcset=\"https:\/\/stone-phoenix.com\/wp-content\/uploads\/2023\/12\/stainless-steel-stone-anchors-anchors-for-stone-blocks1703923380.png 750w, https:\/\/stone-phoenix.com\/wp-content\/uploads\/2023\/12\/stainless-steel-stone-anchors-anchors-for-stone-blocks1703923380-240x300.png 240w, https:\/\/stone-phoenix.com\/wp-content\/uploads\/2023\/12\/stainless-steel-stone-anchors-anchors-for-stone-blocks1703923380-10x12.png 10w, https:\/\/stone-phoenix.com\/wp-content\/uploads\/2023\/12\/stainless-steel-stone-anchors-anchors-for-stone-blocks1703923380-600x750.png 600w, https:\/\/stone-phoenix.com\/wp-content\/uploads\/2023\/12\/stainless-steel-stone-anchors-anchors-for-stone-blocks1703923380-150x187.png 150w\" sizes=\"(max-width: 750px) 100vw, 750px\" \/><\/p>\n<p><img loading=\"lazy\" decoding=\"async\" class=\"alignnone size-full wp-image-23253\" title=\"Ancres de pierre en acier inoxydable | Ancres pour blocs de pierre\" src=\"http:\/\/stone-phoenix.com\/wp-content\/uploads\/2023\/12\/stainless-steel-stone-anchors-anchors-for-stone-blocks1703923382.jpg\" alt=\"Stainless Steel Stone Anchors | Anchors For Stone Blocks\" width=\"702\" height=\"432\" srcset=\"https:\/\/stone-phoenix.com\/wp-content\/uploads\/2023\/12\/stainless-steel-stone-anchors-anchors-for-stone-blocks1703923382.jpg 702w, https:\/\/stone-phoenix.com\/wp-content\/uploads\/2023\/12\/stainless-steel-stone-anchors-anchors-for-stone-blocks1703923382-300x185.jpg 300w, https:\/\/stone-phoenix.com\/wp-content\/uploads\/2023\/12\/stainless-steel-stone-anchors-anchors-for-stone-blocks1703923382-18x12.jpg 18w, https:\/\/stone-phoenix.com\/wp-content\/uploads\/2023\/12\/stainless-steel-stone-anchors-anchors-for-stone-blocks1703923382-600x369.jpg 600w, https:\/\/stone-phoenix.com\/wp-content\/uploads\/2023\/12\/stainless-steel-stone-anchors-anchors-for-stone-blocks1703923382-150x92.jpg 150w\" sizes=\"(max-width: 702px) 100vw, 702px\" \/><\/p>\n<p><img loading=\"lazy\" decoding=\"async\" class=\"alignnone size-full wp-image-23254\" title=\"Ancres de pierre en acier inoxydable | Ancres pour blocs de pierre\" src=\"http:\/\/stone-phoenix.com\/wp-content\/uploads\/2023\/12\/stainless-steel-stone-anchors-anchors-for-stone-blocks1703923383.jpg\" alt=\"Stainless Steel Stone Anchors | Anchors For Stone Blocks\" width=\"698\" height=\"482\" srcset=\"https:\/\/stone-phoenix.com\/wp-content\/uploads\/2023\/12\/stainless-steel-stone-anchors-anchors-for-stone-blocks1703923383.jpg 698w, https:\/\/stone-phoenix.com\/wp-content\/uploads\/2023\/12\/stainless-steel-stone-anchors-anchors-for-stone-blocks1703923383-300x207.jpg 300w, https:\/\/stone-phoenix.com\/wp-content\/uploads\/2023\/12\/stainless-steel-stone-anchors-anchors-for-stone-blocks1703923383-18x12.jpg 18w, https:\/\/stone-phoenix.com\/wp-content\/uploads\/2023\/12\/stainless-steel-stone-anchors-anchors-for-stone-blocks1703923383-600x414.jpg 600w, https:\/\/stone-phoenix.com\/wp-content\/uploads\/2023\/12\/stainless-steel-stone-anchors-anchors-for-stone-blocks1703923383-150x104.jpg 150w\" sizes=\"(max-width: 698px) 100vw, 698px\" \/><\/p>\n<h2>S\u00e9rie d'ancrages en pierre<\/h2>\n<table border=\"0\" cellspacing=\"0\" cellpadding=\"0\">\n<tbody>\n<tr>\n<td align=\"right\" width=\"72\" height=\"18\">&nbsp;<\/p>\n<figure id=\"attachment_6849\" class=\"wp-caption aligncenter\" aria-describedby=\"caption-attachment-6849\"><img loading=\"lazy\" decoding=\"async\" class=\"alignnone size-full wp-image-23255\" title=\"Ancres de pierre en acier inoxydable | Ancres pour blocs de pierre\" src=\"http:\/\/stone-phoenix.com\/wp-content\/uploads\/2023\/12\/stainless-steel-stone-anchors-anchors-for-stone-blocks1703923383-1.jpg\" alt=\"Stainless Steel Stone Anchors | Anchors For Stone Blocks\" width=\"400\" height=\"400\" srcset=\"https:\/\/stone-phoenix.com\/wp-content\/uploads\/2023\/12\/stainless-steel-stone-anchors-anchors-for-stone-blocks1703923383-1.jpg 400w, https:\/\/stone-phoenix.com\/wp-content\/uploads\/2023\/12\/stainless-steel-stone-anchors-anchors-for-stone-blocks1703923383-1-300x300.jpg 300w, https:\/\/stone-phoenix.com\/wp-content\/uploads\/2023\/12\/stainless-steel-stone-anchors-anchors-for-stone-blocks1703923383-1-150x150.jpg 150w, https:\/\/stone-phoenix.com\/wp-content\/uploads\/2023\/12\/stainless-steel-stone-anchors-anchors-for-stone-blocks1703923383-1-12x12.jpg 12w\" sizes=\"(max-width: 400px) 100vw, 400px\" \/><figcaption id=\"caption-attachment-6849\" class=\"wp-caption-text\">ancrage 1<\/figcaption><\/figure>\n<\/td>\n<td align=\"right\" width=\"72\">&nbsp;<\/p>\n<figure id=\"attachment_6850\" class=\"wp-caption aligncenter\" aria-describedby=\"caption-attachment-6850\"><img loading=\"lazy\" decoding=\"async\" class=\"alignnone size-full wp-image-23256\" title=\"Ancres de pierre en acier inoxydable | Ancres pour blocs de pierre\" src=\"http:\/\/stone-phoenix.com\/wp-content\/uploads\/2023\/12\/stainless-steel-stone-anchors-anchors-for-stone-blocks1703923384.jpg\" alt=\"Stainless Steel Stone Anchors | Anchors For Stone Blocks\" width=\"400\" height=\"400\" srcset=\"https:\/\/stone-phoenix.com\/wp-content\/uploads\/2023\/12\/stainless-steel-stone-anchors-anchors-for-stone-blocks1703923384.jpg 400w, https:\/\/stone-phoenix.com\/wp-content\/uploads\/2023\/12\/stainless-steel-stone-anchors-anchors-for-stone-blocks1703923384-300x300.jpg 300w, https:\/\/stone-phoenix.com\/wp-content\/uploads\/2023\/12\/stainless-steel-stone-anchors-anchors-for-stone-blocks1703923384-150x150.jpg 150w, https:\/\/stone-phoenix.com\/wp-content\/uploads\/2023\/12\/stainless-steel-stone-anchors-anchors-for-stone-blocks1703923384-12x12.jpg 12w\" sizes=\"(max-width: 400px) 100vw, 400px\" \/><figcaption id=\"caption-attachment-6850\" class=\"wp-caption-text\">ancrage 2<\/figcaption><\/figure>\n<\/td>\n<td align=\"right\" width=\"72\">&nbsp;<\/p>\n<figure id=\"attachment_6851\" class=\"wp-caption aligncenter\" aria-describedby=\"caption-attachment-6851\"><img loading=\"lazy\" decoding=\"async\" class=\"alignnone size-full wp-image-23257\" title=\"Ancres de pierre en acier inoxydable | Ancres pour blocs de pierre\" src=\"http:\/\/stone-phoenix.com\/wp-content\/uploads\/2023\/12\/stainless-steel-stone-anchors-anchors-for-stone-blocks1703923385.jpg\" alt=\"Stainless Steel Stone Anchors | Anchors For Stone Blocks\" width=\"400\" height=\"400\" srcset=\"https:\/\/stone-phoenix.com\/wp-content\/uploads\/2023\/12\/stainless-steel-stone-anchors-anchors-for-stone-blocks1703923385.jpg 400w, https:\/\/stone-phoenix.com\/wp-content\/uploads\/2023\/12\/stainless-steel-stone-anchors-anchors-for-stone-blocks1703923385-300x300.jpg 300w, https:\/\/stone-phoenix.com\/wp-content\/uploads\/2023\/12\/stainless-steel-stone-anchors-anchors-for-stone-blocks1703923385-150x150.jpg 150w, https:\/\/stone-phoenix.com\/wp-content\/uploads\/2023\/12\/stainless-steel-stone-anchors-anchors-for-stone-blocks1703923385-12x12.jpg 12w\" sizes=\"(max-width: 400px) 100vw, 400px\" \/><figcaption id=\"caption-attachment-6851\" class=\"wp-caption-text\">ancrage 3<\/figcaption><\/figure>\n<\/td>\n<\/tr>\n<tr>\n<td align=\"right\" height=\"18\">&nbsp;<\/p>\n<figure id=\"attachment_6852\" class=\"wp-caption aligncenter\" aria-describedby=\"caption-attachment-6852\"><img loading=\"lazy\" decoding=\"async\" class=\"alignnone size-full wp-image-23258\" title=\"Ancres de pierre en acier inoxydable | Ancres pour blocs de pierre\" src=\"http:\/\/stone-phoenix.com\/wp-content\/uploads\/2023\/12\/stainless-steel-stone-anchors-anchors-for-stone-blocks1703923386.jpg\" alt=\"Stainless Steel Stone Anchors | Anchors For Stone Blocks\" width=\"400\" height=\"400\" srcset=\"https:\/\/stone-phoenix.com\/wp-content\/uploads\/2023\/12\/stainless-steel-stone-anchors-anchors-for-stone-blocks1703923386.jpg 400w, https:\/\/stone-phoenix.com\/wp-content\/uploads\/2023\/12\/stainless-steel-stone-anchors-anchors-for-stone-blocks1703923386-300x300.jpg 300w, https:\/\/stone-phoenix.com\/wp-content\/uploads\/2023\/12\/stainless-steel-stone-anchors-anchors-for-stone-blocks1703923386-150x150.jpg 150w, https:\/\/stone-phoenix.com\/wp-content\/uploads\/2023\/12\/stainless-steel-stone-anchors-anchors-for-stone-blocks1703923386-12x12.jpg 12w\" sizes=\"(max-width: 400px) 100vw, 400px\" \/><figcaption id=\"caption-attachment-6852\" class=\"wp-caption-text\">ancrage 4<\/figcaption><\/figure>\n<\/td>\n<td align=\"right\">&nbsp;<\/p>\n<figure id=\"attachment_6853\" class=\"wp-caption aligncenter\" aria-describedby=\"caption-attachment-6853\"><img loading=\"lazy\" decoding=\"async\" class=\"alignnone size-full wp-image-23259\" title=\"Ancres de pierre en acier inoxydable | Ancres pour blocs de pierre\" src=\"http:\/\/stone-phoenix.com\/wp-content\/uploads\/2023\/12\/stainless-steel-stone-anchors-anchors-for-stone-blocks1703923387.jpg\" alt=\"Stainless Steel Stone Anchors | Anchors For Stone Blocks\" width=\"400\" height=\"400\" srcset=\"https:\/\/stone-phoenix.com\/wp-content\/uploads\/2023\/12\/stainless-steel-stone-anchors-anchors-for-stone-blocks1703923387.jpg 400w, https:\/\/stone-phoenix.com\/wp-content\/uploads\/2023\/12\/stainless-steel-stone-anchors-anchors-for-stone-blocks1703923387-300x300.jpg 300w, https:\/\/stone-phoenix.com\/wp-content\/uploads\/2023\/12\/stainless-steel-stone-anchors-anchors-for-stone-blocks1703923387-150x150.jpg 150w, https:\/\/stone-phoenix.com\/wp-content\/uploads\/2023\/12\/stainless-steel-stone-anchors-anchors-for-stone-blocks1703923387-12x12.jpg 12w\" sizes=\"(max-width: 400px) 100vw, 400px\" \/><figcaption id=\"caption-attachment-6853\" class=\"wp-caption-text\">ancrage 5<\/figcaption><\/figure>\n<\/td>\n<td align=\"right\">&nbsp;<\/p>\n<figure id=\"attachment_6854\" class=\"wp-caption aligncenter\" aria-describedby=\"caption-attachment-6854\"><img loading=\"lazy\" decoding=\"async\" class=\"alignnone size-full wp-image-23260\" title=\"Ancres de pierre en acier inoxydable | Ancres pour blocs de pierre\" src=\"http:\/\/stone-phoenix.com\/wp-content\/uploads\/2023\/12\/stainless-steel-stone-anchors-anchors-for-stone-blocks1703923387-1.jpg\" alt=\"Stainless Steel Stone Anchors | Anchors For Stone Blocks\" width=\"400\" height=\"400\" srcset=\"https:\/\/stone-phoenix.com\/wp-content\/uploads\/2023\/12\/stainless-steel-stone-anchors-anchors-for-stone-blocks1703923387-1.jpg 400w, https:\/\/stone-phoenix.com\/wp-content\/uploads\/2023\/12\/stainless-steel-stone-anchors-anchors-for-stone-blocks1703923387-1-300x300.jpg 300w, https:\/\/stone-phoenix.com\/wp-content\/uploads\/2023\/12\/stainless-steel-stone-anchors-anchors-for-stone-blocks1703923387-1-150x150.jpg 150w, https:\/\/stone-phoenix.com\/wp-content\/uploads\/2023\/12\/stainless-steel-stone-anchors-anchors-for-stone-blocks1703923387-1-12x12.jpg 12w\" sizes=\"(max-width: 400px) 100vw, 400px\" \/><figcaption id=\"caption-attachment-6854\" class=\"wp-caption-text\">ancrage 6<\/figcaption><\/figure>\n<\/td>\n<\/tr>\n<tr>\n<td align=\"right\" height=\"18\">&nbsp;<\/p>\n<figure id=\"attachment_6855\" class=\"wp-caption aligncenter\" aria-describedby=\"caption-attachment-6855\"><img loading=\"lazy\" decoding=\"async\" class=\"alignnone size-full wp-image-23261\" title=\"Ancres de pierre en acier inoxydable | Ancres pour blocs de pierre\" src=\"http:\/\/stone-phoenix.com\/wp-content\/uploads\/2023\/12\/stainless-steel-stone-anchors-anchors-for-stone-blocks1703923388.jpg\" alt=\"Stainless Steel Stone Anchors | Anchors For Stone Blocks\" width=\"400\" height=\"400\" srcset=\"https:\/\/stone-phoenix.com\/wp-content\/uploads\/2023\/12\/stainless-steel-stone-anchors-anchors-for-stone-blocks1703923388.jpg 400w, https:\/\/stone-phoenix.com\/wp-content\/uploads\/2023\/12\/stainless-steel-stone-anchors-anchors-for-stone-blocks1703923388-300x300.jpg 300w, https:\/\/stone-phoenix.com\/wp-content\/uploads\/2023\/12\/stainless-steel-stone-anchors-anchors-for-stone-blocks1703923388-150x150.jpg 150w, https:\/\/stone-phoenix.com\/wp-content\/uploads\/2023\/12\/stainless-steel-stone-anchors-anchors-for-stone-blocks1703923388-12x12.jpg 12w\" sizes=\"(max-width: 400px) 100vw, 400px\" \/><figcaption id=\"caption-attachment-6855\" class=\"wp-caption-text\">ancrage 7<\/figcaption><\/figure>\n<\/td>\n<td align=\"right\">&nbsp;<\/p>\n<figure id=\"attachment_6856\" class=\"wp-caption aligncenter\" aria-describedby=\"caption-attachment-6856\"><img loading=\"lazy\" decoding=\"async\" class=\"alignnone size-full wp-image-23262\" title=\"Ancres de pierre en acier inoxydable | Ancres pour blocs de pierre\" src=\"http:\/\/stone-phoenix.com\/wp-content\/uploads\/2023\/12\/stainless-steel-stone-anchors-anchors-for-stone-blocks1703923389.jpg\" alt=\"Stainless Steel Stone Anchors | Anchors For Stone Blocks\" width=\"400\" height=\"400\" srcset=\"https:\/\/stone-phoenix.com\/wp-content\/uploads\/2023\/12\/stainless-steel-stone-anchors-anchors-for-stone-blocks1703923389.jpg 400w, https:\/\/stone-phoenix.com\/wp-content\/uploads\/2023\/12\/stainless-steel-stone-anchors-anchors-for-stone-blocks1703923389-300x300.jpg 300w, https:\/\/stone-phoenix.com\/wp-content\/uploads\/2023\/12\/stainless-steel-stone-anchors-anchors-for-stone-blocks1703923389-150x150.jpg 150w, https:\/\/stone-phoenix.com\/wp-content\/uploads\/2023\/12\/stainless-steel-stone-anchors-anchors-for-stone-blocks1703923389-12x12.jpg 12w\" sizes=\"(max-width: 400px) 100vw, 400px\" \/><figcaption id=\"caption-attachment-6856\" class=\"wp-caption-text\">ancre 8<\/figcaption><\/figure>\n<\/td>\n<td align=\"right\">&nbsp;<\/p>\n<figure id=\"attachment_6857\" class=\"wp-caption aligncenter\" aria-describedby=\"caption-attachment-6857\"><img loading=\"lazy\" decoding=\"async\" class=\"alignnone size-full wp-image-23263\" title=\"Ancres de pierre en acier inoxydable | Ancres pour blocs de pierre\" src=\"http:\/\/stone-phoenix.com\/wp-content\/uploads\/2023\/12\/stainless-steel-stone-anchors-anchors-for-stone-blocks1703923390.jpg\" alt=\"Stainless Steel Stone Anchors | Anchors For Stone Blocks\" width=\"400\" height=\"400\" srcset=\"https:\/\/stone-phoenix.com\/wp-content\/uploads\/2023\/12\/stainless-steel-stone-anchors-anchors-for-stone-blocks1703923390.jpg 400w, https:\/\/stone-phoenix.com\/wp-content\/uploads\/2023\/12\/stainless-steel-stone-anchors-anchors-for-stone-blocks1703923390-300x300.jpg 300w, https:\/\/stone-phoenix.com\/wp-content\/uploads\/2023\/12\/stainless-steel-stone-anchors-anchors-for-stone-blocks1703923390-150x150.jpg 150w, https:\/\/stone-phoenix.com\/wp-content\/uploads\/2023\/12\/stainless-steel-stone-anchors-anchors-for-stone-blocks1703923390-12x12.jpg 12w\" sizes=\"(max-width: 400px) 100vw, 400px\" \/><figcaption id=\"caption-attachment-6857\" class=\"wp-caption-text\">ancrage 9<\/figcaption><\/figure>\n<\/td>\n<\/tr>\n<\/tbody>\n<\/table>","protected":false},"excerpt":{"rendered":"<p>Les ancres sont une m\u00e9thode d'ancrage permettant de fixer des panneaux de pierre de taille \u00e0 une structure de soutien en ma\u00e7onnerie, en b\u00e9ton ou \u00e0 un poteau. Diff\u00e9rentes tailles et diff\u00e9rents types d'ancrages sont disponibles sur demande.<\/p>","protected":false},"featured_media":23246,"template":"","meta":[],"product_cat":[196],"product_tag":[],"_links":{"self":[{"href":"https:\/\/stone-phoenix.com\/fr\/wp-json\/wp\/v2\/product\/23245"}],"collection":[{"href":"https:\/\/stone-phoenix.com\/fr\/wp-json\/wp\/v2\/product"}],"about":[{"href":"https:\/\/stone-phoenix.com\/fr\/wp-json\/wp\/v2\/types\/product"}],"wp:featuredmedia":[{"embeddable":true,"href":"https:\/\/stone-phoenix.com\/fr\/wp-json\/wp\/v2\/media\/23246"}],"wp:attachment":[{"href":"https:\/\/stone-phoenix.com\/fr\/wp-json\/wp\/v2\/media?parent=23245"}],"wp:term":[{"taxonomy":"product_cat","embeddable":true,"href":"https:\/\/stone-phoenix.com\/fr\/wp-json\/wp\/v2\/product_cat?post=23245"},{"taxonomy":"product_tag","embeddable":true,"href":"https:\/\/stone-phoenix.com\/fr\/wp-json\/wp\/v2\/product_tag?post=23245"}],"curies":[{"name":"wp","href":"https:\/\/api.w.org\/{rel}","templated":true}]}}