{"id":23264,"date":"2023-12-30T08:11:20","date_gmt":"2023-12-30T00:11:20","guid":{"rendered":"http:\/\/stone-phoenix.com\/product\/galaxy-oro-granite-dark-grey"},"modified":"2024-01-17T18:02:21","modified_gmt":"2024-01-17T10:02:21","slug":"galaxy-oro-granite-dark-grey","status":"publish","type":"product","link":"https:\/\/stone-phoenix.com\/fr\/produit\/galaxy-oro-granite-dark-grey","title":{"rendered":"Galaxy Oro Granite Gris fonc\u00e9"},"content":{"rendered":"<div id=\"tab-description\" class=\"woocommerce-Tabs-panel woocommerce-Tabs-panel--description panel entry-content wc-tab\" role=\"tabpanel\" aria-labelledby=\"tab-title-description\">\n<h2>Galaxy Oro Granite Gris fonc\u00e9<\/h2>\n<p>Galaxy Oro Granite est notre propre carri\u00e8re situ\u00e9e en Afrique. Ce granit est tout \u00e0 fait unique, avec la duret\u00e9 du granit et la texture du marbre. De plus, le fond de ce granit est assez similaire au c\u00e9l\u00e8bre granit gris fonc\u00e9 chinois G654.<\/p>\n<p>Le granit est une pierre naturelle \u00e9tonnante, appr\u00e9ci\u00e9e pour son aspect unique et saisissant. Ce granit est extrait de sites s\u00e9lectionn\u00e9s dans le monde entier et est r\u00e9put\u00e9 pour ses couleurs riches et profondes et ses motifs complexes.<\/p>\n<p>L'une des caract\u00e9ristiques les plus frappantes du granit Galaxy Oro est sa couleur de base d'un noir profond. Cette teinte sombre offre un contraste audacieux avec les mouchetures dor\u00e9es et blanches chatoyantes de la pierre, cr\u00e9ant ainsi un effet dramatique et accrocheur. Ces mouchetures sont r\u00e9parties dans la pierre de fa\u00e7on apparemment al\u00e9atoire, donnant \u00e0 chaque dalle de Galaxy Oro Granite un aspect vraiment unique.<\/p>\n<p>Outre sa beaut\u00e9, le granit est \u00e9galement tr\u00e8s r\u00e9sistant et durable. Cette pierre naturelle r\u00e9siste \u00e0 la chaleur, aux rayures et aux taches, ce qui en fait un choix id\u00e9al pour les zones tr\u00e8s fr\u00e9quent\u00e9es telles que les cuisines et les salles de bains. Sa durabilit\u00e9 en fait \u00e9galement une option n\u00e9cessitant peu d'entretien, puisqu'il suffit d'un entretien minimal pour qu'il conserve sa beaut\u00e9 pendant des ann\u00e9es.<\/p>\n<p>Du point de vue du design, le granit Galaxy Oro est une option polyvalente qui peut \u00eatre utilis\u00e9e dans un grand nombre de contextes diff\u00e9rents. Il est particuli\u00e8rement adapt\u00e9 aux styles de design modernes et contemporains, o\u00f9 son aspect audacieux et frappant peut \u00eatre utilis\u00e9 pour cr\u00e9er un look \u00e9l\u00e9gant et sophistiqu\u00e9.<\/p>\n<p>Dans l'ensemble, The Granite est une pierre naturelle belle et durable qui ne manquera pas de faire sensation dans n'importe quel environnement. Son aspect unique et sa durabilit\u00e9 \u00e0 long terme en font un excellent choix pour un large \u00e9ventail de projets de conception r\u00e9sidentiels et commerciaux.<\/p>\n<table style=\"height: 383px; width: 100%;\" width=\"1361\">\n<tbody>\n<tr>\n<td style=\"width: 11.903%;\" width=\"121\">Mat\u00e9riau<\/td>\n<td style=\"width: 12.2704%;\" width=\"125\">Couleur primaire<\/td>\n<td style=\"width: 18.9566%;\" width=\"193\">Produit<\/td>\n<td style=\"width: 22.7039%;\" width=\"231\">Taille (cm)<\/td>\n<td style=\"width: 15.3564%;\" width=\"156\">Finition<\/td>\n<td style=\"width: 7.34754%;\" width=\"72\">Densit\u00e9<br \/>\n(g\/cm3)<\/td>\n<td style=\"width: 11.3887%;\" width=\"116\">Absorption de l'eau<br \/>\n(%)<\/td>\n<\/tr>\n<tr>\n<td style=\"width: 11.903%;\">Galaxy Oro Granite<\/td>\n<td style=\"width: 12.2704%;\">Gris fonc\u00e9<\/td>\n<td style=\"width: 18.9566%;\" width=\"193\">Dalle<br \/>\nCarrelage<br \/>\nEscalier<br \/>\nPav\u00e9s<br \/>\nKerbstone<br \/>\nAppui de fen\u00eatre<br \/>\nComptoir<br \/>\nEtc<\/td>\n<td style=\"width: 22.7039%;\" width=\"231\">240up x120up x2\/3\/5\/6<br \/>\n240up x70up x2\/3\/5\/6<br \/>\n60\u00d730\/60\u00d71\/1.5\/2\/3<br \/>\n100-160x34x3<br \/>\n100-160x15x2<br \/>\nLongueurx20x8<br \/>\nLongueurx25x10<br \/>\n10x10x5<br \/>\n10x20x5<br \/>\nEtc<\/td>\n<td style=\"width: 15.3564%;\" width=\"156\">Poli<br \/>\nHonor\u00e9<br \/>\nFlamm\u00e9<br \/>\nFlamm\u00e9 et bross\u00e9<br \/>\nBushhamerred<br \/>\nSablage<br \/>\nEtc<\/td>\n<td style=\"width: 7.34754%;\">2.8<\/td>\n<td style=\"width: 11.3887%;\">0.14<\/td>\n<\/tr>\n<\/tbody>\n<\/table>\n<h2>Plus de photos<\/h2>\n<table style=\"border-collapse: collapse; width: 69.6416%; height: 690px;\">\n<tbody>\n<tr style=\"height: 330px;\">\n<td style=\"width: 18.3684%; height: 330px;\">\n<figure id=\"attachment_6903\" class=\"wp-caption aligncenter\" style=\"width: 300px;\" aria-describedby=\"caption-attachment-6903\"><img loading=\"lazy\" decoding=\"async\" class=\"alignnone size-full wp-image-23266\" src=\"http:\/\/stone-phoenix.com\/wp-content\/uploads\/2023\/12\/1703923881.png\" width=\"300\" height=\"300\" srcset=\"https:\/\/stone-phoenix.com\/wp-content\/uploads\/2023\/12\/1703923881.png 300w, https:\/\/stone-phoenix.com\/wp-content\/uploads\/2023\/12\/1703923881-150x150.png 150w, https:\/\/stone-phoenix.com\/wp-content\/uploads\/2023\/12\/1703923881-12x12.png 12w\" sizes=\"(max-width: 300px) 100vw, 300px\" \/><\/figure>\n<p>100<\/td>\n<td style=\"width: 18.836%; height: 330px;\">\n<figure id=\"attachment_6904\" class=\"wp-caption aligncenter\" style=\"width: 300px;\" aria-describedby=\"caption-attachment-6904\"><img loading=\"lazy\" decoding=\"async\" class=\"alignnone size-full wp-image-23267\" src=\"http:\/\/stone-phoenix.com\/wp-content\/uploads\/2023\/12\/1703923882.png\" width=\"300\" height=\"300\" srcset=\"https:\/\/stone-phoenix.com\/wp-content\/uploads\/2023\/12\/1703923882.png 300w, https:\/\/stone-phoenix.com\/wp-content\/uploads\/2023\/12\/1703923882-150x150.png 150w, https:\/\/stone-phoenix.com\/wp-content\/uploads\/2023\/12\/1703923882-12x12.png 12w\" sizes=\"(max-width: 300px) 100vw, 300px\" \/><\/figure>\n<p>101<\/td>\n<td style=\"width: 23.155%; height: 330px;\">\n<figure id=\"attachment_6896\" class=\"wp-caption aligncenter\" style=\"width: 300px;\" aria-describedby=\"caption-attachment-6896\"><img loading=\"lazy\" decoding=\"async\" class=\"alignnone size-full wp-image-23268\" src=\"http:\/\/stone-phoenix.com\/wp-content\/uploads\/2023\/12\/1703923883.png\" width=\"300\" height=\"300\" srcset=\"https:\/\/stone-phoenix.com\/wp-content\/uploads\/2023\/12\/1703923883.png 300w, https:\/\/stone-phoenix.com\/wp-content\/uploads\/2023\/12\/1703923883-150x150.png 150w, https:\/\/stone-phoenix.com\/wp-content\/uploads\/2023\/12\/1703923883-12x12.png 12w\" sizes=\"(max-width: 300px) 100vw, 300px\" \/><\/figure>\n<p>102<\/td>\n<\/tr>\n<tr style=\"height: 330px;\">\n<td style=\"width: 18.3684%; height: 330px;\">\n<figure id=\"attachment_6898\" class=\"wp-caption aligncenter\" style=\"width: 300px;\" aria-describedby=\"caption-attachment-6898\"><img loading=\"lazy\" decoding=\"async\" class=\"alignnone size-full wp-image-23269\" src=\"http:\/\/stone-phoenix.com\/wp-content\/uploads\/2023\/12\/1703923883.jpg\" width=\"300\" height=\"300\" srcset=\"https:\/\/stone-phoenix.com\/wp-content\/uploads\/2023\/12\/1703923883.jpg 300w, https:\/\/stone-phoenix.com\/wp-content\/uploads\/2023\/12\/1703923883-150x150.jpg 150w, https:\/\/stone-phoenix.com\/wp-content\/uploads\/2023\/12\/1703923883-12x12.jpg 12w\" sizes=\"(max-width: 300px) 100vw, 300px\" \/><\/figure>\n<p>104<\/td>\n<td style=\"width: 18.836%; height: 330px;\">\n<figure id=\"attachment_6899\" class=\"wp-caption aligncenter\" style=\"width: 300px;\" aria-describedby=\"caption-attachment-6899\"><img loading=\"lazy\" decoding=\"async\" class=\"alignnone size-full wp-image-23270\" src=\"http:\/\/stone-phoenix.com\/wp-content\/uploads\/2023\/12\/1703923884.jpg\" width=\"300\" height=\"300\" srcset=\"https:\/\/stone-phoenix.com\/wp-content\/uploads\/2023\/12\/1703923884.jpg 300w, https:\/\/stone-phoenix.com\/wp-content\/uploads\/2023\/12\/1703923884-150x150.jpg 150w, https:\/\/stone-phoenix.com\/wp-content\/uploads\/2023\/12\/1703923884-12x12.jpg 12w\" sizes=\"(max-width: 300px) 100vw, 300px\" \/><\/figure>\n<p>105<\/td>\n<td style=\"width: 23.155%; height: 330px;\">\n<figure id=\"attachment_6900\" class=\"wp-caption aligncenter\" style=\"width: 300px;\" aria-describedby=\"caption-attachment-6900\"><img loading=\"lazy\" decoding=\"async\" class=\"alignnone size-full wp-image-23271\" src=\"http:\/\/stone-phoenix.com\/wp-content\/uploads\/2023\/12\/1703923885.jpg\" width=\"300\" height=\"300\" srcset=\"https:\/\/stone-phoenix.com\/wp-content\/uploads\/2023\/12\/1703923885.jpg 300w, https:\/\/stone-phoenix.com\/wp-content\/uploads\/2023\/12\/1703923885-150x150.jpg 150w, https:\/\/stone-phoenix.com\/wp-content\/uploads\/2023\/12\/1703923885-12x12.jpg 12w\" sizes=\"(max-width: 300px) 100vw, 300px\" \/><\/figure>\n<p>106<\/td>\n<\/tr>\n<tr style=\"height: 10px;\">\n<td style=\"width: 18.3684%; height: 10px;\">\n<figure id=\"attachment_6902\" class=\"wp-caption aligncenter\" style=\"width: 300px;\" aria-describedby=\"caption-attachment-6902\"><\/figure>\n<p>108<\/td>\n<td style=\"width: 18.836%; height: 10px;\">\n<figure id=\"attachment_6906\" class=\"wp-caption aligncenter\" style=\"width: 300px;\" aria-describedby=\"caption-attachment-6906\"><\/figure>\n<p>109<\/td>\n<td style=\"width: 23.155%; height: 10px;\"><\/td>\n<\/tr>\n<\/tbody>\n<\/table>\n<\/div>","protected":false},"excerpt":{"rendered":"<p>Galaxy Oro Granite Dark Grey Galaxy Oro Granite is our own quarry located in Africa. This granite is quite unique<\/p>","protected":false},"featured_media":24606,"template":"","meta":[],"product_cat":[197],"product_tag":[],"_links":{"self":[{"href":"https:\/\/stone-phoenix.com\/fr\/wp-json\/wp\/v2\/product\/23264"}],"collection":[{"href":"https:\/\/stone-phoenix.com\/fr\/wp-json\/wp\/v2\/product"}],"about":[{"href":"https:\/\/stone-phoenix.com\/fr\/wp-json\/wp\/v2\/types\/product"}],"wp:featuredmedia":[{"embeddable":true,"href":"https:\/\/stone-phoenix.com\/fr\/wp-json\/wp\/v2\/media\/24606"}],"wp:attachment":[{"href":"https:\/\/stone-phoenix.com\/fr\/wp-json\/wp\/v2\/media?parent=23264"}],"wp:term":[{"taxonomy":"product_cat","embeddable":true,"href":"https:\/\/stone-phoenix.com\/fr\/wp-json\/wp\/v2\/product_cat?post=23264"},{"taxonomy":"product_tag","embeddable":true,"href":"https:\/\/stone-phoenix.com\/fr\/wp-json\/wp\/v2\/product_tag?post=23264"}],"curies":[{"name":"wp","href":"https:\/\/api.w.org\/{rel}","templated":true}]}}