{"id":24072,"date":"2024-01-11T14:56:53","date_gmt":"2024-01-11T06:56:53","guid":{"rendered":"http:\/\/stone-phoenix.com\/product\/arabesque-mosaic-artistic-tile-fashionable-waterjet-white-marble-mosaic-tile-for-wall"},"modified":"2024-01-11T14:57:08","modified_gmt":"2024-01-11T06:57:08","slug":"arabesque-mosaic-artistic-tile-fashionable-waterjet-white-marble-mosaic-tile-for-wall","status":"publish","type":"product","link":"https:\/\/stone-phoenix.com\/fr\/produit\/arabesque-mosaic-artistic-tile-fashionable-waterjet-white-marble-mosaic-tile-for-wall","title":{"rendered":"Mosa\u00efque Arabesque, carrelage artistique, Mosa\u00efque de marbre blanc \u00e0 jet d'eau pour mur \u00e0 la mode"},"content":{"rendered":"<div class=\"woocommerce-Tabs-panel woocommerce-Tabs-panel--description panel wc-tab\" id=\"tab-description\" role=\"tabpanel\" aria-labelledby=\"tab-title-description\">\n<div class=\"nm-row\">\n<div class=\"col-xs-12\">\n<div class=\"nm-tabs-panel-inner entry-content\">\n<p>Mont\u00e9 sur treillis en fibres<br \/>\nQuantit\u00e9 livr\u00e9e 5 000 m2\/mois<br \/>\nConditionnement : 5 feuilles\/bo\u00eete, 72 bo\u00eetes\/caisse en bois, 28 palettes\/conteneur de 20 pieds.<\/p>\n<\/p><\/div>\n<\/p><\/div>\n<\/p><\/div>\n<\/p><\/div>","protected":false},"excerpt":{"rendered":"<p>Taille : 300 x 300 mm<br \/>\nOccasion:Mur int\u00e9rieur<br \/>\nApplication:H\u00f4tel, cuisine ou mur de salle de bain<br \/>\nStyle de conception : moderne<br \/>\nForme : Arabesque\u00a0<br \/>\nMat\u00e9riau : Marbre blanc Dolomite, mosa\u00efque de nacre<br \/>\n\u00c9paisseur : 10 mm<br \/>\nFinition:Polie<br \/>\nJoint : 2mm<br \/>\nMOQ : 1 m\u00e8tre carr\u00e9<\/p>","protected":false},"featured_media":24073,"template":"","meta":[],"product_cat":[15],"product_tag":[],"_links":{"self":[{"href":"https:\/\/stone-phoenix.com\/fr\/wp-json\/wp\/v2\/product\/24072"}],"collection":[{"href":"https:\/\/stone-phoenix.com\/fr\/wp-json\/wp\/v2\/product"}],"about":[{"href":"https:\/\/stone-phoenix.com\/fr\/wp-json\/wp\/v2\/types\/product"}],"wp:featuredmedia":[{"embeddable":true,"href":"https:\/\/stone-phoenix.com\/fr\/wp-json\/wp\/v2\/media\/24073"}],"wp:attachment":[{"href":"https:\/\/stone-phoenix.com\/fr\/wp-json\/wp\/v2\/media?parent=24072"}],"wp:term":[{"taxonomy":"product_cat","embeddable":true,"href":"https:\/\/stone-phoenix.com\/fr\/wp-json\/wp\/v2\/product_cat?post=24072"},{"taxonomy":"product_tag","embeddable":true,"href":"https:\/\/stone-phoenix.com\/fr\/wp-json\/wp\/v2\/product_tag?post=24072"}],"curies":[{"name":"wp","href":"https:\/\/api.w.org\/{rel}","templated":true}]}}