{"id":24083,"date":"2024-01-11T14:57:53","date_gmt":"2024-01-11T06:57:53","guid":{"rendered":"http:\/\/stone-phoenix.com\/product\/artistic-tile-fashionable-waterjet-marble-mosaic-tile"},"modified":"2024-01-11T14:58:10","modified_gmt":"2024-01-11T06:58:10","slug":"artistic-tile-fashionable-waterjet-marble-mosaic-tile","status":"publish","type":"product","link":"https:\/\/stone-phoenix.com\/fr\/produit\/artistic-tile-fashionable-waterjet-marble-mosaic-tile","title":{"rendered":"Carreau artistique, carreau de mosa\u00efque en marbre \u00e0 jet d'eau \u00e0 la mode"},"content":{"rendered":"<div class=\"woocommerce-Tabs-panel woocommerce-Tabs-panel--description panel wc-tab\" id=\"tab-description\" role=\"tabpanel\" aria-labelledby=\"tab-title-description\">\n<div class=\"nm-row\">\n<div class=\"col-xs-12\">\n<div class=\"nm-tabs-panel-inner entry-content\">\n<p>Mont\u00e9 sur treillis en fibres<br \/>\nQuantit\u00e9 livr\u00e9e 5 000 m2\/mois<br \/>\nConditionnement : 5 feuilles\/bo\u00eete, 72 bo\u00eetes\/caisse en bois, 28 palettes\/conteneur de 20 pieds.<\/p>\n<\/p><\/div>\n<\/p><\/div>\n<\/p><\/div>\n<\/p><\/div>","protected":false},"excerpt":{"rendered":"<p>Taille : 330 x 280 mm<br \/>\nOccasion:Mur int\u00e9rieur<br \/>\nApplication:H\u00f4tel, cuisine ou mur de salle de bain<br \/>\nStyle de conception : moderne<br \/>\nForme : Arabesque\u00a0<br \/>\nMat\u00e9riau : Marbre blanc, marbre gris<br \/>\n\u00c9paisseur : 10 mm<br \/>\nFinition:Polie<br \/>\nJoint : 2mm<br \/>\nMOQ : 1 m\u00e8tre carr\u00e9<\/p>","protected":false},"featured_media":24084,"template":"","meta":[],"product_cat":[15],"product_tag":[],"_links":{"self":[{"href":"https:\/\/stone-phoenix.com\/fr\/wp-json\/wp\/v2\/product\/24083"}],"collection":[{"href":"https:\/\/stone-phoenix.com\/fr\/wp-json\/wp\/v2\/product"}],"about":[{"href":"https:\/\/stone-phoenix.com\/fr\/wp-json\/wp\/v2\/types\/product"}],"wp:featuredmedia":[{"embeddable":true,"href":"https:\/\/stone-phoenix.com\/fr\/wp-json\/wp\/v2\/media\/24084"}],"wp:attachment":[{"href":"https:\/\/stone-phoenix.com\/fr\/wp-json\/wp\/v2\/media?parent=24083"}],"wp:term":[{"taxonomy":"product_cat","embeddable":true,"href":"https:\/\/stone-phoenix.com\/fr\/wp-json\/wp\/v2\/product_cat?post=24083"},{"taxonomy":"product_tag","embeddable":true,"href":"https:\/\/stone-phoenix.com\/fr\/wp-json\/wp\/v2\/product_tag?post=24083"}],"curies":[{"name":"wp","href":"https:\/\/api.w.org\/{rel}","templated":true}]}}