{"id":24114,"date":"2024-01-12T14:01:00","date_gmt":"2024-01-12T06:01:00","guid":{"rendered":"http:\/\/stone-phoenix.com\/product\/big-sheveron-skyline-bluetone-marble-mosaic-tiles"},"modified":"2024-01-12T14:01:28","modified_gmt":"2024-01-12T06:01:28","slug":"big-sheveron-skyline-bluetone-marble-mosaic-tiles","status":"publish","type":"product","link":"https:\/\/stone-phoenix.com\/fr\/produit\/big-sheveron-skyline-bluetone-marble-mosaic-tiles","title":{"rendered":"Big sheveron Skyline bluetone Marble mosaic Tiles"},"content":{"rendered":"<div class=\"woocommerce-Tabs-panel woocommerce-Tabs-panel--description panel wc-tab\" id=\"tab-description\" role=\"tabpanel\" aria-labelledby=\"tab-title-description\">\n<div class=\"nm-row\">\n<div class=\"col-xs-12\">\n<div class=\"nm-tabs-panel-inner entry-content\">\n<p>Les carreaux de mosa\u00efque de grand format sont disponibles dans diff\u00e9rents mat\u00e9riaux : Carrara blanc, Skyline bleu, Wooden blanc, Wooden bleu, Calacatta blanc, Crystalline .<\/p>\n<p>1. Mat\u00e9riau : Marbres naturels<br \/>\n2. Couleur : blanc<br \/>\n3. Finition : Poli, adouci, antique, lav\u00e9 \u00e0 l'acide, etc.<br \/>\n4. Dimensions : 335x341x10mm<\/p>\n<p>5. Emballage :<br \/>\n<img loading=\"lazy\" decoding=\"async\" class=\"alignnone size-medium wp-image-1665\" src=\"http:\/\/stone-phoenix.com\/wp-content\/uploads\/2024\/01\/big-sheveron-skyline-bluetone-marble-mosaic-tiles_65a0d5b629d52.gif\" alt=\"packing\" width=\"864\" height=\"202\"><br \/>\n6. D\u00e9lai de livraison : 7 \u00e0 10 jours pour le premier conteneur apr\u00e8s r\u00e9ception du d\u00e9p\u00f4t.<br \/>\n7. MOQ\uff1anous pouvons accepter la vente en gros et au d\u00e9tail. Aucune limite de quantit\u00e9.<br \/>\nMais si la quantit\u00e9 est sup\u00e9rieure \u00e0 un conteneur, nous pouvons vous faire b\u00e9n\u00e9ficier d'une remise.<br \/>\n8. Conditions de paiement :<br \/>\n<img decoding=\"async\" loading=\"lazy\" class=\"alignnone size-medium wp-image-1666\" src=\"http:\/\/stone-phoenix.com\/wp-content\/uploads\/2024\/01\/big-sheveron-skyline-bluetone-marble-mosaic-tiles_65a0d5b774bdb.gif\" alt=\"payment terms\" width=\"864\" height=\"121\"><br \/>\n9. \u00c9chantillons : Des \u00e9chantillons gratuits sont disponibles<br \/>\n10. Utilisation : H\u00f4tel, r\u00e9sidence, place, etc.<\/p>\n<\/p><\/div>\n<\/p><\/div>\n<\/p><\/div>\n<\/p><\/div>","protected":false},"excerpt":{"rendered":"<p>Taille : 334x341x10mm<br \/>\nCouleur : blanc<br \/>\nVeine : l\u00e9g\u00e8res veines grises<br \/>\nFinition : Poli, adouci, sabl\u00e9, etc.<br \/>\nZone : Mur, sol<br \/>\nApplication : conceptions classiques et contemporaines<\/p>","protected":false},"featured_media":24115,"template":"","meta":[],"product_cat":[15],"product_tag":[],"_links":{"self":[{"href":"https:\/\/stone-phoenix.com\/fr\/wp-json\/wp\/v2\/product\/24114"}],"collection":[{"href":"https:\/\/stone-phoenix.com\/fr\/wp-json\/wp\/v2\/product"}],"about":[{"href":"https:\/\/stone-phoenix.com\/fr\/wp-json\/wp\/v2\/types\/product"}],"wp:featuredmedia":[{"embeddable":true,"href":"https:\/\/stone-phoenix.com\/fr\/wp-json\/wp\/v2\/media\/24115"}],"wp:attachment":[{"href":"https:\/\/stone-phoenix.com\/fr\/wp-json\/wp\/v2\/media?parent=24114"}],"wp:term":[{"taxonomy":"product_cat","embeddable":true,"href":"https:\/\/stone-phoenix.com\/fr\/wp-json\/wp\/v2\/product_cat?post=24114"},{"taxonomy":"product_tag","embeddable":true,"href":"https:\/\/stone-phoenix.com\/fr\/wp-json\/wp\/v2\/product_tag?post=24114"}],"curies":[{"name":"wp","href":"https:\/\/api.w.org\/{rel}","templated":true}]}}