{"id":24135,"date":"2024-01-12T14:08:31","date_gmt":"2024-01-12T06:08:31","guid":{"rendered":"http:\/\/stone-phoenix.com\/product\/filed-marble-mosaic-tiles-blackwhite-marble-mosaic-tile"},"modified":"2024-01-12T14:09:05","modified_gmt":"2024-01-12T06:09:05","slug":"filed-marble-mosaic-tiles-blackwhite-marble-mosaic-tile","status":"publish","type":"product","link":"https:\/\/stone-phoenix.com\/fr\/produit\/filed-marble-mosaic-tiles-blackwhite-marble-mosaic-tile","title":{"rendered":"Carreaux de mosa\u00efque en marbre, Carreaux de mosa\u00efque en marbre noir et blanc"},"content":{"rendered":"<div class=\"woocommerce-Tabs-panel woocommerce-Tabs-panel--description panel wc-tab\" id=\"tab-description\" role=\"tabpanel\" aria-labelledby=\"tab-title-description\" style=\"\">\n<div class=\"nm-row\">\n<div class=\"col-xs-12\">\n<div class=\"nm-tabs-panel-inner entry-content\">\n<p>Les carreaux de mosa\u00efque en marbre sont disponibles dans diff\u00e9rents mat\u00e9riaux selon la demande des clients. Ils combinent parfaitement les styles classique et moderne et peuvent \u00eatre utilis\u00e9s dans des b\u00e2timents r\u00e9sidentiels ou commerciaux.<\/p>\n<p>1. Mat\u00e9riau : Marbres naturels<br \/>\n2. Couleur : noir\/blanc<br \/>\n3. Finition : Poli, adouci.<br \/>\n4. Dimensions : 370x370x10mm<\/p>\n<p>5. Emballage :<br \/>\n<img loading=\"lazy\" decoding=\"async\" class=\"alignnone size-medium wp-image-1665\" src=\"http:\/\/stone-phoenix.com\/wp-content\/uploads\/2024\/01\/filed-marble-mosaic-tiles-blackwhite-marble-mosaic-tile_65a0d6cda1118.gif\" alt=\"packing\" width=\"864\" height=\"202\"><br \/>\n6. D\u00e9lai de livraison : 7 \u00e0 10 jours pour le premier conteneur apr\u00e8s r\u00e9ception du d\u00e9p\u00f4t.<br \/>\n7. MOQ\uff1anous pouvons accepter la vente en gros et au d\u00e9tail. Aucune limite de quantit\u00e9.<br \/>\nMais si la quantit\u00e9 est sup\u00e9rieure \u00e0 un conteneur, nous pouvons vous faire b\u00e9n\u00e9ficier d'une remise.<br \/>\n8. Conditions de paiement :<br \/>\n<img decoding=\"async\" loading=\"lazy\" class=\"alignnone size-medium wp-image-1666\" src=\"http:\/\/stone-phoenix.com\/wp-content\/uploads\/2024\/01\/filed-marble-mosaic-tiles-blackwhite-marble-mosaic-tile_65a0d6ced4467.gif\" alt=\"payment terms\" width=\"864\" height=\"121\"><br \/>\n9. \u00c9chantillons : Des \u00e9chantillons gratuits sont disponibles<br \/>\n10. Utilisation : H\u00f4tel, r\u00e9sidence, place, etc.<\/p>\n<\/p><\/div>\n<\/p><\/div>\n<\/p><\/div>\n<\/p><\/div>","protected":false},"excerpt":{"rendered":"<p>Couleur : noir\/blanc<br \/>\nVeine : divers<br \/>\nTaille : 370x370x10mm<br \/>\nFinition : Poli, adouci.<br \/>\nDomaine : Mur et sol<br \/>\nApplication : conceptions classiques et contemporaines<\/p>","protected":false},"featured_media":24136,"template":"","meta":[],"product_cat":[15],"product_tag":[],"_links":{"self":[{"href":"https:\/\/stone-phoenix.com\/fr\/wp-json\/wp\/v2\/product\/24135"}],"collection":[{"href":"https:\/\/stone-phoenix.com\/fr\/wp-json\/wp\/v2\/product"}],"about":[{"href":"https:\/\/stone-phoenix.com\/fr\/wp-json\/wp\/v2\/types\/product"}],"wp:featuredmedia":[{"embeddable":true,"href":"https:\/\/stone-phoenix.com\/fr\/wp-json\/wp\/v2\/media\/24136"}],"wp:attachment":[{"href":"https:\/\/stone-phoenix.com\/fr\/wp-json\/wp\/v2\/media?parent=24135"}],"wp:term":[{"taxonomy":"product_cat","embeddable":true,"href":"https:\/\/stone-phoenix.com\/fr\/wp-json\/wp\/v2\/product_cat?post=24135"},{"taxonomy":"product_tag","embeddable":true,"href":"https:\/\/stone-phoenix.com\/fr\/wp-json\/wp\/v2\/product_tag?post=24135"}],"curies":[{"name":"wp","href":"https:\/\/api.w.org\/{rel}","templated":true}]}}