{"id":24169,"date":"2024-01-12T14:10:05","date_gmt":"2024-01-12T06:10:05","guid":{"rendered":"http:\/\/stone-phoenix.com\/product\/aluminium-hexagon-marble-mosaic-tiles-calacatta-marble-hexagon-mosaic-tile"},"modified":"2024-02-16T11:52:16","modified_gmt":"2024-02-16T03:52:16","slug":"aluminium-hexagon-marble-mosaic-tiles-calacatta-marble-hexagon-mosaic-tile","status":"publish","type":"product","link":"https:\/\/stone-phoenix.com\/fr\/produit\/aluminium-hexagon-marble-mosaic-tiles-calacatta-marble-hexagon-mosaic-tile","title":{"rendered":"mosa\u00efque de marbre hexagonale en aluminium, carreaux de mosa\u00efque hexagonale en marbre Calacatta"},"content":{"rendered":"<div id=\"tab-description\" class=\"woocommerce-Tabs-panel woocommerce-Tabs-panel--description panel wc-tab\" role=\"tabpanel\" aria-labelledby=\"tab-title-description\">\n<div class=\"nm-row\">\n<div class=\"col-xs-12\">\n<div class=\"nm-tabs-panel-inner entry-content\">\n<p>Les carreaux de mosa\u00efque hexagonale en marbre et aluminium sont disponibles dans diff\u00e9rents mat\u00e9riaux selon la demande des clients. Ils sont tr\u00e8s utilis\u00e9s dans les b\u00e2timents r\u00e9sidentiels ou commerciaux.<\/p>\n<p><img loading=\"lazy\" decoding=\"async\" class=\"alignnone size-full wp-image-24893\" src=\"http:\/\/stone-phoenix.com\/wp-content\/uploads\/2024\/01\/aluminium-hexagon-Oriental-white-Marble-mosaic-Tiles-marble-hexagon-mosaic-tile-scaled.jpg\" alt=\"\" width=\"2339\" height=\"2560\" srcset=\"https:\/\/stone-phoenix.com\/wp-content\/uploads\/2024\/01\/aluminium-hexagon-Oriental-white-Marble-mosaic-Tiles-marble-hexagon-mosaic-tile-scaled.jpg 2339w, https:\/\/stone-phoenix.com\/wp-content\/uploads\/2024\/01\/aluminium-hexagon-Oriental-white-Marble-mosaic-Tiles-marble-hexagon-mosaic-tile-274x300.jpg 274w, https:\/\/stone-phoenix.com\/wp-content\/uploads\/2024\/01\/aluminium-hexagon-Oriental-white-Marble-mosaic-Tiles-marble-hexagon-mosaic-tile-936x1024.jpg 936w, https:\/\/stone-phoenix.com\/wp-content\/uploads\/2024\/01\/aluminium-hexagon-Oriental-white-Marble-mosaic-Tiles-marble-hexagon-mosaic-tile-768x840.jpg 768w, https:\/\/stone-phoenix.com\/wp-content\/uploads\/2024\/01\/aluminium-hexagon-Oriental-white-Marble-mosaic-Tiles-marble-hexagon-mosaic-tile-1404x1536.jpg 1404w, https:\/\/stone-phoenix.com\/wp-content\/uploads\/2024\/01\/aluminium-hexagon-Oriental-white-Marble-mosaic-Tiles-marble-hexagon-mosaic-tile-1871x2048.jpg 1871w, https:\/\/stone-phoenix.com\/wp-content\/uploads\/2024\/01\/aluminium-hexagon-Oriental-white-Marble-mosaic-Tiles-marble-hexagon-mosaic-tile-11x12.jpg 11w, https:\/\/stone-phoenix.com\/wp-content\/uploads\/2024\/01\/aluminium-hexagon-Oriental-white-Marble-mosaic-Tiles-marble-hexagon-mosaic-tile-600x657.jpg 600w, https:\/\/stone-phoenix.com\/wp-content\/uploads\/2024\/01\/aluminium-hexagon-Oriental-white-Marble-mosaic-Tiles-marble-hexagon-mosaic-tile-150x164.jpg 150w\" sizes=\"(max-width: 2339px) 100vw, 2339px\" \/><\/p>\n<p>1. Mat\u00e9riau : Marbres naturels<br \/>\n2. Couleur : blanc\/noir<br \/>\n3. Finition : Poli, adouci.<br \/>\n4. Dimensions disponibles : 11 \u00bd\" x 14 5\/16\"<\/p>\n<p>5. Emballage :<br \/>\n<img loading=\"lazy\" decoding=\"async\" class=\"alignnone size-medium wp-image-1665\" src=\"http:\/\/stone-phoenix.com\/wp-content\/uploads\/2024\/01\/aluminium-hexagon-marble-mosaic-tiles-calacatta-marble-hexagon-mosaic-tile_65a0d7eac41ff.gif\" alt=\"packing\" width=\"864\" height=\"202\" \/><br \/>\n6. D\u00e9lai de livraison : 7 \u00e0 10 jours pour le premier conteneur apr\u00e8s r\u00e9ception du d\u00e9p\u00f4t.<br \/>\n7. MOQ\uff1anous pouvons accepter la vente en gros et au d\u00e9tail. Aucune limite de quantit\u00e9.<br \/>\nMais si la quantit\u00e9 est sup\u00e9rieure \u00e0 un conteneur, nous pouvons vous faire b\u00e9n\u00e9ficier d'une remise.<br \/>\n8. Conditions de paiement :<br \/>\n<img loading=\"lazy\" decoding=\"async\" class=\"alignnone size-medium wp-image-1666\" src=\"http:\/\/stone-phoenix.com\/wp-content\/uploads\/2024\/01\/aluminium-hexagon-marble-mosaic-tiles-calacatta-marble-hexagon-mosaic-tile_65a0d7ec149e4.gif\" alt=\"payment terms\" width=\"864\" height=\"121\" \/><br \/>\n9. \u00c9chantillons : Des \u00e9chantillons gratuits sont disponibles<br \/>\n10. Utilisation : H\u00f4tel, r\u00e9sidence, place, etc.<\/p>\n<\/div>\n<\/div>\n<\/div>\n<\/div>","protected":false},"excerpt":{"rendered":"<p>Couleur : blanc\/or<br \/>\nVeine : divers<br \/>\nDensit\u00e9 apparente : 2,7-2,8\/cm3<br \/>\nFinition : Poli, adouci.<br \/>\nZone : Mur<br \/>\nApplication : conceptions classiques et contemporaines<\/p>","protected":false},"featured_media":24171,"template":"","meta":[],"product_cat":[15],"product_tag":[],"_links":{"self":[{"href":"https:\/\/stone-phoenix.com\/fr\/wp-json\/wp\/v2\/product\/24169"}],"collection":[{"href":"https:\/\/stone-phoenix.com\/fr\/wp-json\/wp\/v2\/product"}],"about":[{"href":"https:\/\/stone-phoenix.com\/fr\/wp-json\/wp\/v2\/types\/product"}],"wp:featuredmedia":[{"embeddable":true,"href":"https:\/\/stone-phoenix.com\/fr\/wp-json\/wp\/v2\/media\/24171"}],"wp:attachment":[{"href":"https:\/\/stone-phoenix.com\/fr\/wp-json\/wp\/v2\/media?parent=24169"}],"wp:term":[{"taxonomy":"product_cat","embeddable":true,"href":"https:\/\/stone-phoenix.com\/fr\/wp-json\/wp\/v2\/product_cat?post=24169"},{"taxonomy":"product_tag","embeddable":true,"href":"https:\/\/stone-phoenix.com\/fr\/wp-json\/wp\/v2\/product_tag?post=24169"}],"curies":[{"name":"wp","href":"https:\/\/api.w.org\/{rel}","templated":true}]}}