{"id":24286,"date":"2024-01-12T14:16:44","date_gmt":"2024-01-12T06:16:44","guid":{"rendered":"http:\/\/stone-phoenix.com\/product\/artistic-tile-hexagon-mosaic-fashionable-waterjet-oriental-white-marble-mosaic-tile"},"modified":"2024-02-16T11:46:40","modified_gmt":"2024-02-16T03:46:40","slug":"artistic-tile-hexagon-mosaic-fashionable-waterjet-oriental-white-marble-mosaic-tile","status":"publish","type":"product","link":"https:\/\/stone-phoenix.com\/fr\/produit\/artistic-tile-hexagon-mosaic-fashionable-waterjet-oriental-white-marble-mosaic-tile","title":{"rendered":"Carreau artistique, mosa\u00efque hexagonale, jet d'eau \u00e0 la mode, carreaux de mosa\u00efque en marbre blanc oriental"},"content":{"rendered":"<div id=\"tab-description\" class=\"woocommerce-Tabs-panel woocommerce-Tabs-panel--description panel wc-tab\" role=\"tabpanel\" aria-labelledby=\"tab-title-description\">\n<div class=\"nm-row\">\n<div class=\"col-xs-12\">\n<div class=\"nm-tabs-panel-inner entry-content\">\n<p>Mont\u00e9 sur treillis en fibres<br \/>\nQuantit\u00e9 livr\u00e9e 5 000 m2\/mois<br \/>\nConditionnement : 5 feuilles\/bo\u00eete, 72 bo\u00eetes\/caisse en bois, 28 palettes\/conteneur de 20 pieds.<\/p>\n<p><img loading=\"lazy\" decoding=\"async\" class=\"alignnone size-full wp-image-24895\" src=\"http:\/\/stone-phoenix.com\/wp-content\/uploads\/2024\/01\/Artistic-tile-Hexagon-mosaic-Fashionable-Waterjet-oriental-white-Marble-Mosaic-Tile.jpg\" alt=\"\" width=\"2210\" height=\"2126\" srcset=\"https:\/\/stone-phoenix.com\/wp-content\/uploads\/2024\/01\/Artistic-tile-Hexagon-mosaic-Fashionable-Waterjet-oriental-white-Marble-Mosaic-Tile.jpg 2210w, https:\/\/stone-phoenix.com\/wp-content\/uploads\/2024\/01\/Artistic-tile-Hexagon-mosaic-Fashionable-Waterjet-oriental-white-Marble-Mosaic-Tile-300x289.jpg 300w, https:\/\/stone-phoenix.com\/wp-content\/uploads\/2024\/01\/Artistic-tile-Hexagon-mosaic-Fashionable-Waterjet-oriental-white-Marble-Mosaic-Tile-1024x985.jpg 1024w, https:\/\/stone-phoenix.com\/wp-content\/uploads\/2024\/01\/Artistic-tile-Hexagon-mosaic-Fashionable-Waterjet-oriental-white-Marble-Mosaic-Tile-768x739.jpg 768w, https:\/\/stone-phoenix.com\/wp-content\/uploads\/2024\/01\/Artistic-tile-Hexagon-mosaic-Fashionable-Waterjet-oriental-white-Marble-Mosaic-Tile-1536x1478.jpg 1536w, https:\/\/stone-phoenix.com\/wp-content\/uploads\/2024\/01\/Artistic-tile-Hexagon-mosaic-Fashionable-Waterjet-oriental-white-Marble-Mosaic-Tile-2048x1970.jpg 2048w, https:\/\/stone-phoenix.com\/wp-content\/uploads\/2024\/01\/Artistic-tile-Hexagon-mosaic-Fashionable-Waterjet-oriental-white-Marble-Mosaic-Tile-12x12.jpg 12w, https:\/\/stone-phoenix.com\/wp-content\/uploads\/2024\/01\/Artistic-tile-Hexagon-mosaic-Fashionable-Waterjet-oriental-white-Marble-Mosaic-Tile-600x577.jpg 600w, https:\/\/stone-phoenix.com\/wp-content\/uploads\/2024\/01\/Artistic-tile-Hexagon-mosaic-Fashionable-Waterjet-oriental-white-Marble-Mosaic-Tile-150x144.jpg 150w\" sizes=\"(max-width: 2210px) 100vw, 2210px\" \/><\/p>\n<\/div>\n<\/div>\n<\/div>\n<\/div>","protected":false},"excerpt":{"rendered":"<p>Taille : 330 x 280 mm<br \/>\nOccasion:Mur int\u00e9rieur<br \/>\nApplication:H\u00f4tel, cuisine ou mur de salle de bain<br \/>\nStyle de conception : moderne<br \/>\nForme : Arabesque<br \/>\nMat\u00e9riau : Marbre blanc, marbre gris, marbre noir, laiton<br \/>\n\u00c9paisseur : 10 mm<br \/>\nFinition:Polie<br \/>\nJoint : 2mm<br \/>\nMOQ : 1 m\u00e8tre carr\u00e9<\/p>","protected":false},"featured_media":24287,"template":"","meta":[],"product_cat":[15],"product_tag":[],"_links":{"self":[{"href":"https:\/\/stone-phoenix.com\/fr\/wp-json\/wp\/v2\/product\/24286"}],"collection":[{"href":"https:\/\/stone-phoenix.com\/fr\/wp-json\/wp\/v2\/product"}],"about":[{"href":"https:\/\/stone-phoenix.com\/fr\/wp-json\/wp\/v2\/types\/product"}],"wp:featuredmedia":[{"embeddable":true,"href":"https:\/\/stone-phoenix.com\/fr\/wp-json\/wp\/v2\/media\/24287"}],"wp:attachment":[{"href":"https:\/\/stone-phoenix.com\/fr\/wp-json\/wp\/v2\/media?parent=24286"}],"wp:term":[{"taxonomy":"product_cat","embeddable":true,"href":"https:\/\/stone-phoenix.com\/fr\/wp-json\/wp\/v2\/product_cat?post=24286"},{"taxonomy":"product_tag","embeddable":true,"href":"https:\/\/stone-phoenix.com\/fr\/wp-json\/wp\/v2\/product_tag?post=24286"}],"curies":[{"name":"wp","href":"https:\/\/api.w.org\/{rel}","templated":true}]}}