{"id":24350,"date":"2024-01-12T14:20:51","date_gmt":"2024-01-12T06:20:51","guid":{"rendered":"http:\/\/stone-phoenix.com\/product\/hexagon-carrara-marble-mosaic-tiles-white-marble-hexagon-mosaic-tile"},"modified":"2024-01-12T14:20:51","modified_gmt":"2024-01-12T06:20:51","slug":"hexagon-carrara-marble-mosaic-tiles-white-marble-hexagon-mosaic-tile","status":"publish","type":"product","link":"https:\/\/stone-phoenix.com\/fr\/produit\/hexagon-carrara-marble-mosaic-tiles-white-marble-hexagon-mosaic-tile","title":{"rendered":"Mosa\u00efque hexagonale en marbre de Carrare, mosa\u00efque hexagonale en marbre blanc"},"content":{"rendered":"<div class=\"woocommerce-Tabs-panel woocommerce-Tabs-panel--description panel wc-tab\" id=\"tab-description\" role=\"tabpanel\" aria-labelledby=\"tab-title-description\" style=\"\">\n<div class=\"nm-row\">\n<div class=\"col-xs-12\">\n<div class=\"nm-tabs-panel-inner entry-content\">\n<p>Les carreaux de mosa\u00efque hexagonale en marbre de Carrare sont disponibles en taille standard et en taille personnalis\u00e9e selon les demandes sp\u00e9cifiques des clients. Ils sont tr\u00e8s utilis\u00e9s dans les b\u00e2timents r\u00e9sidentiels ou commerciaux.<\/p>\n<p><img loading=\"lazy\" decoding=\"async\" class=\"alignnone size-full wp-image-24347\" src=\"http:\/\/stone-phoenix.com\/wp-content\/uploads\/2024\/01\/1705069254.jpg\" width=\"800\" height=\"800\" srcset=\"https:\/\/stone-phoenix.com\/wp-content\/uploads\/2024\/01\/1705069254.jpg 800w, https:\/\/stone-phoenix.com\/wp-content\/uploads\/2024\/01\/1705069254-300x300.jpg 300w, https:\/\/stone-phoenix.com\/wp-content\/uploads\/2024\/01\/1705069254-150x150.jpg 150w, https:\/\/stone-phoenix.com\/wp-content\/uploads\/2024\/01\/1705069254-768x768.jpg 768w, https:\/\/stone-phoenix.com\/wp-content\/uploads\/2024\/01\/1705069254-12x12.jpg 12w, https:\/\/stone-phoenix.com\/wp-content\/uploads\/2024\/01\/1705069254-600x600.jpg 600w\" sizes=\"(max-width: 800px) 100vw, 800px\" \/><\/p>\n<p>\u00a0<\/p>\n<p>1. Mat\u00e9riau : Marbres naturels<br \/>\n2. Couleur : blanc<br \/>\n3. Finition : Poli, adouci, antique, lav\u00e9 \u00e0 l'acide, etc.<br \/>\n4. Tailles disponibles :<br \/>\n1\u2033 hexagone, 2\u2033 hexagone, 3\u2032 hexagone, 4\u2033 hexagone, 5\u2033 hexagone<\/p>\n<p>5. Emballage :<br \/>\n<img loading=\"lazy\" decoding=\"async\" class=\"alignnone size-full wp-image-24348\" src=\"http:\/\/stone-phoenix.com\/wp-content\/uploads\/2024\/01\/1705069258.gif\" width=\"864\" height=\"202\" \/><br \/>\n6. D\u00e9lai de livraison : 7 \u00e0 10 jours pour le premier conteneur apr\u00e8s r\u00e9ception du d\u00e9p\u00f4t.<br \/>\n7. MOQ\uff1anous pouvons accepter la vente en gros et au d\u00e9tail. Aucune limite de quantit\u00e9.<br \/>\nMais si la quantit\u00e9 est sup\u00e9rieure \u00e0 un conteneur, nous pouvons vous faire b\u00e9n\u00e9ficier d'une remise.<br \/>\n8. Conditions de paiement :<br \/>\n<img loading=\"lazy\" decoding=\"async\" class=\"alignnone size-full wp-image-24349\" src=\"http:\/\/stone-phoenix.com\/wp-content\/uploads\/2024\/01\/1705069262.gif\" width=\"864\" height=\"121\" \/><br \/>\n9. \u00c9chantillons : Des \u00e9chantillons gratuits sont disponibles<br \/>\n10. Utilisation : H\u00f4tel, r\u00e9sidence, place, etc.<\/p>\n<\/p><\/div>\n<\/p><\/div>\n<\/p><\/div>\n<\/p><\/div>","protected":false},"excerpt":{"rendered":"<p>Couleur : blanc<br \/>\nVeine : l\u00e9g\u00e8res veines grises<br \/>\nDensit\u00e9 apparente : 2,7-2,8\/cm3<br \/>\nFinition : Poli, adouci, sabl\u00e9, etc.<br \/>\nSurface : Mur, sol, comptoirs, baignoire, etc.<br \/>\nApplication : conceptions classiques et contemporaines<\/p>","protected":false},"featured_media":24351,"template":"","meta":[],"product_cat":[15],"product_tag":[],"_links":{"self":[{"href":"https:\/\/stone-phoenix.com\/fr\/wp-json\/wp\/v2\/product\/24350"}],"collection":[{"href":"https:\/\/stone-phoenix.com\/fr\/wp-json\/wp\/v2\/product"}],"about":[{"href":"https:\/\/stone-phoenix.com\/fr\/wp-json\/wp\/v2\/types\/product"}],"wp:featuredmedia":[{"embeddable":true,"href":"https:\/\/stone-phoenix.com\/fr\/wp-json\/wp\/v2\/media\/24351"}],"wp:attachment":[{"href":"https:\/\/stone-phoenix.com\/fr\/wp-json\/wp\/v2\/media?parent=24350"}],"wp:term":[{"taxonomy":"product_cat","embeddable":true,"href":"https:\/\/stone-phoenix.com\/fr\/wp-json\/wp\/v2\/product_cat?post=24350"},{"taxonomy":"product_tag","embeddable":true,"href":"https:\/\/stone-phoenix.com\/fr\/wp-json\/wp\/v2\/product_tag?post=24350"}],"curies":[{"name":"wp","href":"https:\/\/api.w.org\/{rel}","templated":true}]}}