{"id":24898,"date":"2024-02-16T12:00:19","date_gmt":"2024-02-16T04:00:19","guid":{"rendered":"http:\/\/stone-phoenix.com\/product\/artistic-marble-mosaic-flower-mosaic-waterjet-mosaic-copy"},"modified":"2024-02-16T12:00:19","modified_gmt":"2024-02-16T04:00:19","slug":"artistic-marble-mosaic-flower-mosaic-waterjet-mosaic-copy","status":"publish","type":"product","link":"https:\/\/stone-phoenix.com\/fr\/produit\/artistic-marble-mosaic-flower-mosaic-waterjet-mosaic-copy","title":{"rendered":"Mosa\u00efque de marbre artistique Mosa\u00efque de fleurs Mosa\u00efque \u00e0 jet d'eau Copie"},"content":{"rendered":"<div class=\"woocommerce-Tabs-panel woocommerce-Tabs-panel--description panel wc-tab\" id=\"tab-description\" role=\"tabpanel\" aria-labelledby=\"tab-title-description\">\n<div class=\"nm-row\">\n<div class=\"col-xs-12\">\n<div class=\"nm-tabs-panel-inner entry-content\">\n<p><img loading=\"lazy\" decoding=\"async\" src=\"http:\/\/stone-phoenix.com\/wp-content\/uploads\/2024\/01\/artistic-marble-mosaic-flower-mosaic-waterjet-mosaic_659f9168ba5f8.jpeg\" alt=\"\" width=\"300\" height=\"225\"><img decoding=\"async\" src=\"http:\/\/stone-phoenix.com\/wp-content\/uploads\/2024\/01\/artistic-marble-mosaic-flower-mosaic-waterjet-mosaic_659f9169ce7e6.jpeg\"><\/p>\n<p>La mosa\u00efque de marbre naturel peut \u00eatre con\u00e7ue dans de nombreux styles, et notre entreprise poss\u00e8de son propre atelier de mosa\u00efque de marbre qui peut garantir la qualit\u00e9 de chaque pi\u00e8ce.<\/p>\n<p>Il y a beaucoup de marbre qui peut \u00eatre coup\u00e9 dans cette forme de produit et nous pouvons \u00e9galement personnaliser la mosa\u00efque selon votre demande.Nous attendons votre demande.<\/p>\n<p>\u00a0<\/p>\n<\/p><\/div>\n<\/p><\/div>\n<\/p><\/div>\n<\/p><\/div>","protected":false},"excerpt":{"rendered":"<p>Dolomite, coquillage 294x303x10mm<br \/>\nCouleur : blanc, gris<br \/>\nFinition : polie, adoucie<br \/>\n\u00c9paisseur : 3\/8''<br \/>\nPays d'origine : Chine<br \/>\nDimensions du produit : 294x303x10mm<br \/>\nSqm \/ Bo\u00eete : 10pcs\/carton ,72cartons\/caisse en bois<br \/>\nTol\u00e9rance : +-0,5 mm<br \/>\nApplication : Mur de douche, sol de douche, mur de chemin\u00e9e, sol de chemin\u00e9e, mur commercial l\u00e9ger, sol commercial l\u00e9ger, mur commercial moyen, mur int\u00e9rieur, sol int\u00e9rieur.<\/p>","protected":false},"featured_media":24079,"template":"","meta":[],"product_cat":[15],"product_tag":[],"_links":{"self":[{"href":"https:\/\/stone-phoenix.com\/fr\/wp-json\/wp\/v2\/product\/24898"}],"collection":[{"href":"https:\/\/stone-phoenix.com\/fr\/wp-json\/wp\/v2\/product"}],"about":[{"href":"https:\/\/stone-phoenix.com\/fr\/wp-json\/wp\/v2\/types\/product"}],"wp:featuredmedia":[{"embeddable":true,"href":"https:\/\/stone-phoenix.com\/fr\/wp-json\/wp\/v2\/media\/24079"}],"wp:attachment":[{"href":"https:\/\/stone-phoenix.com\/fr\/wp-json\/wp\/v2\/media?parent=24898"}],"wp:term":[{"taxonomy":"product_cat","embeddable":true,"href":"https:\/\/stone-phoenix.com\/fr\/wp-json\/wp\/v2\/product_cat?post=24898"},{"taxonomy":"product_tag","embeddable":true,"href":"https:\/\/stone-phoenix.com\/fr\/wp-json\/wp\/v2\/product_tag?post=24898"}],"curies":[{"name":"wp","href":"https:\/\/api.w.org\/{rel}","templated":true}]}}