{"id":25702,"date":"2024-03-23T19:49:09","date_gmt":"2024-03-23T11:49:09","guid":{"rendered":"http:\/\/stone-phoenix.com\/product\/panda-marble-white-china-manufacturer-hot-sale-copy"},"modified":"2024-03-23T19:49:09","modified_gmt":"2024-03-23T11:49:09","slug":"panda-marble-white-china-manufacturer-hot-sale-copy","status":"publish","type":"product","link":"https:\/\/stone-phoenix.com\/fr\/produit\/panda-marble-white-china-manufacturer-hot-sale-copy","title":{"rendered":"Panda Marble White China Manufacturer Hot Sale Copy"},"content":{"rendered":"<div id=\"tab-description\" class=\"woocommerce-Tabs-panel woocommerce-Tabs-panel--description panel entry-content wc-tab\" role=\"tabpanel\" aria-labelledby=\"tab-title-description\">\n<div id=\"ali-anchor-AliPostDhMb-qkngg\" style=\"padding-top: 8px\" data-section=\"AliPostDhMb-qkngg\" data-section-title=\"Product Description\">\n<h2>Panda Marble White China Manufacturer Hot Sale<\/h2>\n<p>Le Panda Marble est un excellent choix si vous recherchez une couleur vibrante et amusante. Ce marbre est parfait pour les zones \u00e0 fort trafic ou comme pi\u00e8ce d'accentuation dans votre maison.Panda Marble est un jeu classique o\u00f9 vous devez associer les pierres color\u00e9es dans une grille de diamants.<\/p>\n<p>Les pandas essaient de r\u00e9cup\u00e9rer tous leurs bambous, mais votre t\u00e2che consiste \u00e0 les en emp\u00eacher en associant des pierres de la m\u00eame couleur.Le doux et ludique Panda Marble apporte une touche de glam \u00e0 n'importe quelle pi\u00e8ce. Tout comme vous, le Panda Marble est noir et blanc - mais avec une finition hautement polie qui est absolument magnifique !<\/p>\n<p>Le carreau de marbre Panda est un mod\u00e8le unique en son genre. Sa haute qualit\u00e9 et sa magnifique couleur noire et blanche en font un choix parfait pour n'importe quelle pi\u00e8ce. Le contraste frappant entre le noir et le blanc permet de le faire ressortir dans n'importe quel espace afin qu'il puisse \u00eatre facilement identifi\u00e9 par quiconque entre dans l'espace.<\/p>\n<p>C'est le marbre le plus populaire pour l'int\u00e9rieur. Il existe dans une grande vari\u00e9t\u00e9 de couleurs et de veines, mais la plus courante est le \"noir\". Ce marbre est r\u00e9sistant aux taches et aux rayures, mais nous vous conseillons vivement d'utiliser un nettoyant sp\u00e9cial.<\/p>\n<div id=\"ali-title-AliPostDhMb-qkngg\" style=\"padding: 8px 0;border-bottom: 1px solid #ddd\"><span style=\"background-color: #ddd;color: #333;font-weight: bold;padding: 8px 10px;line-height: 12px\">Description du produit<\/span><\/div>\n<div style=\"padding: 10px 0\">\n<table class=\"aliDataTable\" style=\"color: #000000;font-family: Arial;font-size: 12px;font-style: normal;font-weight: 400;background-color: #ffffff;width: 746.066px;height: 226px;border: 1px solid #b3b3b3\">\n<tbody>\n<tr style=\"height: 21px\">\n<td style=\"border: 1px solid #b3b3b3;width: 162px\"><strong><span style=\"font-family: arial, helvetica, sans-serif;font-size: 14px\">Nom du produit :<\/span><\/strong><\/td>\n<td style=\"border: 1px solid #b3b3b3;width: 595.066px\"><span style=\"font-size: 14px\">escalier blanc panda\u00a0<\/span><\/td>\n<\/tr>\n<tr style=\"height: 21px\">\n<td style=\"border: 1px solid #b3b3b3;width: 162px\"><strong><span style=\"font-family: arial, helvetica, sans-serif;font-size: 14px\">Mat\u00e9riau :<\/span><\/strong><\/td>\n<td style=\"border: 1px solid #b3b3b3;width: 595.066px\"><span style=\"font-family: arial, helvetica, sans-serif;font-size: 14px\">Marbre<\/span><\/td>\n<\/tr>\n<tr style=\"height: 21px\">\n<td style=\"border: 1px solid #b3b3b3;width: 162px\"><strong><span style=\"font-family: arial, helvetica, sans-serif;font-size: 14px\">Couleur :<\/span><\/strong><\/td>\n<td style=\"border: 1px solid #b3b3b3;width: 595.066px\"><span style=\"font-family: arial, helvetica, sans-serif;font-size: 14px\">Blanc<\/span><\/td>\n<\/tr>\n<tr style=\"height: 21px\">\n<td style=\"border: 1px solid #b3b3b3;width: 162px\" rowspan=\"3\"><strong><span style=\"font-family: arial, helvetica, sans-serif;font-size: 14px\">Taille :<\/span><\/strong><\/td>\n<td style=\"border: 1px solid #b3b3b3;width: 595.066px\"><span style=\"font-family: arial, helvetica, sans-serif;font-size: 14px\"><span style=\"text-decoration: underline\">Carreaux disponibles<\/span> <\/span><br \/>\n<span style=\"font-family: arial, helvetica, sans-serif;font-size: 14px\">12\u2032 X 12\u2033,24\u2032 X 24\u2033,12\u2032 X 24\u2033,etc 300x300mm,300x600mm,400x400mm,600x600mm,600\u00d71200,800\u00d7800,etc<\/span><\/td>\n<\/tr>\n<tr style=\"height: 21px\">\n<td style=\"border: 1px solid #b3b3b3;width: 595.066px\"><span style=\"font-family: arial, helvetica, sans-serif;font-size: 14px\"><span style=\"text-decoration: underline\">Grandes dalles disponibles<\/span>\u00a0 \u00a0 \u00a0 \u00a0 \u00a0 \u00a0 \u00a0 \u00a0 \u00a0 \u00a0 \u00a0 \u00a0 \u00a0 \u00a0 \u00a0 \u00a0 \u00a0 \u00a0 \u00a0 \u00a0 \u00a0 \u00a0 \u00a0 \u00a0 \u00a0 \u00a0 \u00a0 \u00a0 \u00a0 \u00a0 \u00a0 \u00a0 \u00a0 \u00a0 \u00a0 \u00a0 \u00a0 \u00a0 \u00a0 \u00a0 \u00a0 \u00a0 \u00a0 \u00a0 \u00a0 \u00a0 \u00a0 \u00a0 \u00a0 \u00a0 \u00a0 \u00a0 \u00a0 240cmUpx120UP<\/span><\/td>\n<\/tr>\n<tr style=\"height: 21px\">\n<td style=\"border: 1px solid #b3b3b3;width: 595.066px\"><span style=\"font-family: arial, helvetica, sans-serif;font-size: 14px\">Des sp\u00e9cifications personnalis\u00e9es sont disponibles<\/span><\/td>\n<\/tr>\n<tr style=\"height: 21px\">\n<td style=\"border: 1px solid #b3b3b3;width: 162px\"><strong><span style=\"font-family: arial, helvetica, sans-serif;font-size: 14px\">Tol\u00e9rance d'\u00e9paisseur :<\/span><\/strong><\/td>\n<td style=\"border: 1px solid #b3b3b3;width: 595.066px\"><span style=\"font-size: 14px;font-family: arial, helvetica, sans-serif\">\u00b10,05mm, \u00b11mm, \u00b11,5mm, \u00b12mm, selon les exigences de qualit\u00e9 du client<\/span><\/td>\n<\/tr>\n<tr style=\"height: 21px\">\n<td style=\"border: 1px solid #b3b3b3;width: 162px\"><strong><span style=\"font-family: arial, helvetica, sans-serif;font-size: 14px\">Surface :<\/span><\/strong><\/td>\n<td style=\"border: 1px solid #b3b3b3;width: 595.066px\"><span style=\"font-size: 14px;font-family: arial, helvetica, sans-serif\">Poli, adouci, assorti au livre, antique, rainur\u00e9, bross\u00e9, d\u00e9cap\u00e9, sabl\u00e9, jet d'eau, etc.<\/span><\/td>\n<\/tr>\n<tr style=\"height: auto\">\n<td style=\"border: 1px solid #b3b3b3;width: 162px\"><strong><span style=\"font-family: arial, helvetica, sans-serif;font-size: 14px\">Emballage :<\/span><\/strong><\/td>\n<td style=\"border: 1px solid #b3b3b3;width: 595.066px\"><span style=\"font-family: arial, helvetica, sans-serif;font-size: 14px\"> Fardeaux et caisses en bois en \u00e9tat de navigabilit\u00e9<\/span><\/td>\n<\/tr>\n<tr style=\"height: 21px\">\n<td style=\"border: 1px solid #b3b3b3;width: 162px\"><strong><span style=\"font-family: arial, helvetica, sans-serif;font-size: 14px\">Application :<\/span><\/strong><\/td>\n<td style=\"border: 1px solid #b3b3b3;width: 595.066px\"><span style=\"font-family: arial, helvetica, sans-serif;font-size: 14px\">Mur int\u00e9rieur, sol, plinthe, mur de fond, comptoir, escalier, etc.<\/span><\/td>\n<\/tr>\n<tr style=\"height: 21px\">\n<td style=\"border: 1px solid #b3b3b3;width: 162px\"><strong><span style=\"font-family: arial, helvetica, sans-serif;font-size: 14px\">D\u00e9lai de livraison :<\/span><\/strong><\/td>\n<td style=\"border: 1px solid #b3b3b3;width: 595.066px\"><span style=\"font-family: arial, helvetica, sans-serif;font-size: 14px\"> 15-20 jours pour les tailles normales<\/span><\/td>\n<\/tr>\n<tr style=\"height: 21px\">\n<td style=\"border: 1px solid #b3b3b3;width: 162px\"><strong><span style=\"font-family: arial, helvetica, sans-serif;font-size: 14px\">Certificat :<\/span><\/strong><\/td>\n<td style=\"border: 1px solid #b3b3b3;width: 595.066px\"><span style=\"font-family: arial, helvetica, sans-serif;font-size: 14px\">CE, SGS<\/span><\/td>\n<\/tr>\n<tr style=\"height: 21px\">\n<td style=\"border: 1px solid #b3b3b3;width: 162px\"><strong><span style=\"font-family: arial, helvetica, sans-serif;font-size: 14px\">Conditions de paiement :<\/span><\/strong><\/td>\n<td style=\"border: 1px solid #b3b3b3;width: 595.066px\"><span style=\"font-family: arial, helvetica, sans-serif;font-size: 14px\">T\/T, L\/C, D\/P<\/span><\/td>\n<\/tr>\n<tr style=\"height: 42px\">\n<td style=\"border: 1px solid #b3b3b3;width: 162px\"><strong><span style=\"font-family: arial, helvetica, sans-serif;font-size: 14px\">Avantage :<\/span><\/strong><\/td>\n<td style=\"border: 1px solid #b3b3b3;width: 595.066px\"><span style=\"font-family: arial, helvetica, sans-serif;font-size: 14px\">1) Service unique pour la pierre ;<\/span><\/p>\n<p><span style=\"font-family: arial, helvetica, sans-serif;font-size: 14px\">2) Poss\u00e9der 3 carri\u00e8res et 9 usines ;<\/span><\/p>\n<p><span style=\"font-family: arial, helvetica, sans-serif;font-size: 14px\">3) Des supports technologiques de pointe.<\/span><\/td>\n<\/tr>\n<tr style=\"height: 42px\">\n<td style=\"border: 1px solid #b3b3b3;width: 162px\"><strong><span style=\"font-family: arial, helvetica, sans-serif;font-size: 14px\">Assurance de la qualit\u00e9 et de la livraison :\u00a0<\/span><\/strong><\/td>\n<td style=\"border: 1px solid #b3b3b3;width: 595.066px\"><span style=\"font-family: arial, helvetica, sans-serif;font-size: 14px\">Tout au long du processus de production, du choix des mat\u00e9riaux \u00e0 l'emballage en passant par la fabrication, notre service de contr\u00f4le de la qualit\u00e9 contr\u00f4le rigoureusement chaque pi\u00e8ce et chaque processus afin de garantir le respect des normes de qualit\u00e9 et le respect des d\u00e9lais de livraison.<\/span><\/td>\n<\/tr>\n<\/tbody>\n<\/table>\n<p><img loading=\"lazy\" decoding=\"async\" class=\"alignnone size-full wp-image-25659\" src=\"http:\/\/stone-phoenix.com\/wp-content\/uploads\/2023\/12\/Panda-Marble-White-China-Manufacturer-Hot-Sale-3.jpg\" alt=\"\" width=\"840\" height=\"1042\" srcset=\"https:\/\/stone-phoenix.com\/wp-content\/uploads\/2023\/12\/Panda-Marble-White-China-Manufacturer-Hot-Sale-3.jpg 840w, https:\/\/stone-phoenix.com\/wp-content\/uploads\/2023\/12\/Panda-Marble-White-China-Manufacturer-Hot-Sale-3-242x300.jpg 242w, https:\/\/stone-phoenix.com\/wp-content\/uploads\/2023\/12\/Panda-Marble-White-China-Manufacturer-Hot-Sale-3-825x1024.jpg 825w, https:\/\/stone-phoenix.com\/wp-content\/uploads\/2023\/12\/Panda-Marble-White-China-Manufacturer-Hot-Sale-3-768x953.jpg 768w, https:\/\/stone-phoenix.com\/wp-content\/uploads\/2023\/12\/Panda-Marble-White-China-Manufacturer-Hot-Sale-3-10x12.jpg 10w, https:\/\/stone-phoenix.com\/wp-content\/uploads\/2023\/12\/Panda-Marble-White-China-Manufacturer-Hot-Sale-3-600x744.jpg 600w, https:\/\/stone-phoenix.com\/wp-content\/uploads\/2023\/12\/Panda-Marble-White-China-Manufacturer-Hot-Sale-3-150x186.jpg 150w\" sizes=\"(max-width: 840px) 100vw, 840px\" \/><br \/>\n<img loading=\"lazy\" decoding=\"async\" class=\"alignnone size-full wp-image-25661\" src=\"http:\/\/stone-phoenix.com\/wp-content\/uploads\/2023\/12\/Panda-Marble-White-China-Manufacturer-Hot-Sale-4.jpg\" alt=\"\" width=\"843\" height=\"1114\" srcset=\"https:\/\/stone-phoenix.com\/wp-content\/uploads\/2023\/12\/Panda-Marble-White-China-Manufacturer-Hot-Sale-4.jpg 843w, https:\/\/stone-phoenix.com\/wp-content\/uploads\/2023\/12\/Panda-Marble-White-China-Manufacturer-Hot-Sale-4-227x300.jpg 227w, https:\/\/stone-phoenix.com\/wp-content\/uploads\/2023\/12\/Panda-Marble-White-China-Manufacturer-Hot-Sale-4-775x1024.jpg 775w, https:\/\/stone-phoenix.com\/wp-content\/uploads\/2023\/12\/Panda-Marble-White-China-Manufacturer-Hot-Sale-4-768x1015.jpg 768w, https:\/\/stone-phoenix.com\/wp-content\/uploads\/2023\/12\/Panda-Marble-White-China-Manufacturer-Hot-Sale-4-9x12.jpg 9w, https:\/\/stone-phoenix.com\/wp-content\/uploads\/2023\/12\/Panda-Marble-White-China-Manufacturer-Hot-Sale-4-600x793.jpg 600w, https:\/\/stone-phoenix.com\/wp-content\/uploads\/2023\/12\/Panda-Marble-White-China-Manufacturer-Hot-Sale-4-150x198.jpg 150w\" sizes=\"(max-width: 843px) 100vw, 843px\" \/><\/p>\n<\/div>\n<\/div>\n<\/div>","protected":false},"excerpt":{"rendered":"<p>Panda Marble White China Manufacturer Hot Sale The Panda Marble is a great choice if you are looking for a<\/p>","protected":false},"featured_media":25657,"template":"","meta":[],"product_cat":[113],"product_tag":[],"_links":{"self":[{"href":"https:\/\/stone-phoenix.com\/fr\/wp-json\/wp\/v2\/product\/25702"}],"collection":[{"href":"https:\/\/stone-phoenix.com\/fr\/wp-json\/wp\/v2\/product"}],"about":[{"href":"https:\/\/stone-phoenix.com\/fr\/wp-json\/wp\/v2\/types\/product"}],"wp:featuredmedia":[{"embeddable":true,"href":"https:\/\/stone-phoenix.com\/fr\/wp-json\/wp\/v2\/media\/25657"}],"wp:attachment":[{"href":"https:\/\/stone-phoenix.com\/fr\/wp-json\/wp\/v2\/media?parent=25702"}],"wp:term":[{"taxonomy":"product_cat","embeddable":true,"href":"https:\/\/stone-phoenix.com\/fr\/wp-json\/wp\/v2\/product_cat?post=25702"},{"taxonomy":"product_tag","embeddable":true,"href":"https:\/\/stone-phoenix.com\/fr\/wp-json\/wp\/v2\/product_tag?post=25702"}],"curies":[{"name":"wp","href":"https:\/\/api.w.org\/{rel}","templated":true}]}}