{"id":26938,"date":"2024-03-30T08:23:15","date_gmt":"2024-03-30T00:23:15","guid":{"rendered":"http:\/\/stone-phoenix.com\/product\/grey-granite-manufacturer-wholesale-g603-copy"},"modified":"2024-03-31T13:35:21","modified_gmt":"2024-03-31T05:35:21","slug":"grey-granite-manufacturer-wholesale-g603-copy","status":"publish","type":"product","link":"https:\/\/stone-phoenix.com\/fr\/produit\/grey-granite-manufacturer-wholesale-g603-copy","title":{"rendered":"Fabricant de granit gris Copie G603 en gros"},"content":{"rendered":"<div id=\"tab-description\" class=\"woocommerce-Tabs-panel woocommerce-Tabs-panel--description panel entry-content wc-tab\" role=\"tabpanel\" aria-labelledby=\"tab-title-description\">\n<div id=\"ali-anchor-AliPostDhMb-6q8vw\" class=\"mceSectionContainer\" style=\"padding-top: 8px;\" data-section=\"AliPostDhMb-6q8vw\" data-section-title=\"Product Description\">\n<div id=\"ali-title-AliPostDhMb-6q8vw\" style=\"padding: 8px 0; border-bottom: 1px solid #ddd;\">\n<h2>Fabricant de granit gris Commerce de gros G603<\/h2>\n<p>Le granit gris est un mat\u00e9riau de construction populaire qui est utilis\u00e9 pour diverses applications architecturales et de conception, notamment pour les sols, les comptoirs et les murs. Il est r\u00e9put\u00e9 pour sa durabilit\u00e9, sa r\u00e9sistance aux taches et son \u00e9l\u00e9gance intemporelle.<\/p>\n<p>Un fabricant de granit gris est une entreprise sp\u00e9cialis\u00e9e dans la production de produits en granit gris. Ces fabricants s'approvisionnent g\u00e9n\u00e9ralement en mati\u00e8res premi\u00e8res dans les carri\u00e8res et les transforment dans leurs installations pour produire une vari\u00e9t\u00e9 de produits finis. Le processus de production comprend le d\u00e9coupage et le fa\u00e7onnage des blocs de granit en dalles, carreaux et autres formes, ainsi que le polissage de la surface pour obtenir une finition lisse et brillante.<\/p>\n<p>Pour garantir la qualit\u00e9 et l'homog\u00e9n\u00e9it\u00e9 de leurs produits, les fabricants de granit gris r\u00e9put\u00e9s mettent en \u0153uvre des mesures strictes de contr\u00f4le de la qualit\u00e9. Ils utilisent des \u00e9quipements et des technologies de pointe pour fabriquer leurs produits et emploient \u00e9galement des travailleurs qualifi\u00e9s qui ont une grande exp\u00e9rience de la manipulation et du traitement du granit.<\/p>\n<p>Lors du choix d'un fabricant de granit gris, il est essentiel de prendre en consid\u00e9ration plusieurs facteurs, notamment la qualit\u00e9 des produits, la r\u00e9putation de l'entreprise, le d\u00e9lai de livraison et le prix. Il est \u00e9galement conseill\u00e9 de visiter la salle d'exposition du fabricant afin de voir les produits de premi\u00e8re main et de demander des \u00e9chantillons pour \u00e9valuer leur qualit\u00e9.<\/p>\n<p>En conclusion, le granit gris est un mat\u00e9riau de construction polyvalent qui est largement utilis\u00e9 pour diverses applications, et un fabricant de granit gris est une entreprise sp\u00e9cialis\u00e9e dans la production de produits en granit gris de haute qualit\u00e9. Lors du choix d'un fabricant, il est essentiel de prendre en compte diff\u00e9rents facteurs, notamment la qualit\u00e9, la r\u00e9putation, le d\u00e9lai de livraison et le prix, afin de s'assurer d'obtenir le meilleur rapport qualit\u00e9-prix.<\/p>\n<\/div>\n<div style=\"padding: 10px 0;\">\n<table class=\"aliDataTable\" style=\"color: #000000; font-family: Arial; font-size: 12px; font-style: normal; font-weight: 400; background-color: #ffffff; width: 698px; height: 226px; border: 1px solid #b3b3b3;\">\n<tbody>\n<tr>\n<td style=\"border: 1px solid #707070; width: 159.663px;\"><strong><span style=\"font-family: arial, helvetica, sans-serif; font-size: 14px;\">Nom du produit :<\/span><\/strong><\/td>\n<td style=\"border: 1px solid #707070; width: 553.337px;\"><span style=\"font-family: arial, helvetica, sans-serif; font-size: 14px;\">Granit divers<\/span><\/td>\n<\/tr>\n<tr>\n<td style=\"border: 1px solid #707070; width: 159.663px;\"><strong><span style=\"font-family: arial, helvetica, sans-serif; font-size: 14px;\">Mat\u00e9riau :<\/span><\/strong><\/td>\n<td style=\"border: 1px solid #707070; width: 553.337px;\"><span style=\"font-size: 14px;\">Granit<\/span><\/td>\n<\/tr>\n<tr>\n<td style=\"border: 1px solid #707070; width: 159.663px;\"><strong><span style=\"font-family: arial, helvetica, sans-serif; font-size: 14px;\">Couleur :<\/span><\/strong><\/td>\n<td style=\"border: 1px solid #707070; width: 553.337px;\"><span style=\"font-family: arial, helvetica, sans-serif; font-size: 14px;\">Blanc, noir, jaune, rouge, rose, gris, brun, bleu, vert, etc.<\/span><\/td>\n<\/tr>\n<tr>\n<td style=\"border: 1px solid #707070; width: 159.663px;\" rowspan=\"3\"><strong><span style=\"font-family: arial, helvetica, sans-serif; font-size: 14px;\">Taille :<\/span><\/strong><\/td>\n<td style=\"border: 1px solid #707070; width: 553.337px;\"><span style=\"text-decoration: underline;\"><span style=\"font-size: 14px;\">Carreaux disponibles <\/span><\/span><br \/>\n<span style=\"font-size: 14px;\">12\u2019x12\u2033,24\u2019x24\u2033,12\u2019x24\u2033,etc <\/span><\/p>\n<p><span style=\"font-size: 14px;\">300x300mm,300x600mm,400x400mm,600x600mm,etc<\/span><\/td>\n<\/tr>\n<tr>\n<td style=\"border: 1px solid #707070; width: 553.337px;\"><span style=\"text-decoration: underline;\"><span style=\"font-size: 14px;\">Dalles disponibles <\/span><\/span><\/p>\n<p><span style=\"font-size: 14px;\">180cmUpx60UP,180cmUpx65cmUP,180cmUpx70cmUP,etc<\/span><br \/>\n<span style=\"font-size: 14px;\">240cmUpx120cmUP,etc<\/span><\/td>\n<\/tr>\n<tr>\n<td style=\"border: 1px solid #707070; width: 553.337px;\"><span style=\"font-family: arial, helvetica, sans-serif; font-size: 14px;\">Des sp\u00e9cifications personnalis\u00e9es sont disponibles<\/span><\/td>\n<\/tr>\n<tr>\n<td style=\"border: 1px solid #707070; width: 159.663px;\"><strong><span style=\"font-family: arial, helvetica, sans-serif; font-size: 14px;\">Tol\u00e9rance d'\u00e9paisseur :<\/span><\/strong><\/td>\n<td style=\"border: 1px solid #707070; width: 553.337px;\"><span style=\"font-family: arial, helvetica, sans-serif; font-size: 14px;\">\u00b10,05mm, \u00b11mm, \u00b11,5mm, \u00b12mm, selon les exigences de qualit\u00e9 du client<\/span><\/td>\n<\/tr>\n<tr>\n<td style=\"border: 1px solid #707070; width: 159.663px;\"><strong><span style=\"font-family: arial, helvetica, sans-serif; font-size: 14px;\">Surface :<\/span><\/strong><\/td>\n<td style=\"border: 1px solid #707070; width: 553.337px;\"><span style=\"font-family: arial, helvetica, sans-serif; font-size: 14px;\">P<\/span><span style=\"font-size: 14px;\">ol\u00e9, adouci, flamm\u00e9, sabl\u00e9, bouchard\u00e9, fendu naturel, flamm\u00e9 et bross\u00e9, etc.<\/span><\/td>\n<\/tr>\n<tr>\n<td style=\"border: 1px solid #707070; width: 159.663px;\"><strong><span style=\"font-family: arial, helvetica, sans-serif; font-size: 14px;\">Emballage :<\/span><\/strong><\/td>\n<td style=\"border: 1px solid #707070; width: 553.337px;\"><span style=\"font-size: 14px;\">Palettes en bois en \u00e9tat de navigabilit\u00e9, fardeaux en bois et caisses en bois<\/span><\/td>\n<\/tr>\n<tr>\n<td style=\"border: 1px solid #707070; width: 159.663px;\"><strong><span style=\"font-family: arial, helvetica, sans-serif; font-size: 14px;\">Application :<\/span><\/strong><\/td>\n<td style=\"border: 1px solid #707070; width: 553.337px;\"><span style=\"font-family: arial, helvetica, sans-serif; font-size: 14px;\">Sol, mur, motif, comptoir, d\u00e9coration int\u00e9rieure et ext\u00e9rieure<\/span><\/td>\n<\/tr>\n<tr>\n<td style=\"border: 1px solid #707070; width: 159.663px;\"><strong><span style=\"font-family: arial, helvetica, sans-serif; font-size: 14px;\">D\u00e9lai de livraison :<\/span><\/strong><\/td>\n<td style=\"border: 1px solid #707070; width: 553.337px;\"><span style=\"font-size: 14px;\">15-20 jours pour l'enregistrement<\/span><span style=\"font-family: arial, helvetica, sans-serif; font-size: 14px;\">tailles lar<\/span><\/td>\n<\/tr>\n<tr>\n<td style=\"border: 1px solid #707070; width: 159.663px;\"><strong><span style=\"font-family: arial, helvetica, sans-serif; font-size: 14px;\">Certificat :<\/span><\/strong><\/td>\n<td style=\"border: 1px solid #707070; width: 553.337px;\"><span style=\"font-family: arial, helvetica, sans-serif; font-size: 14px;\">CE, SGS<\/span><\/td>\n<\/tr>\n<tr>\n<td style=\"border: 1px solid #707070; width: 159.663px;\"><strong><span style=\"font-family: arial, helvetica, sans-serif; font-size: 14px;\">Conditions de paiement :<\/span><\/strong><\/td>\n<td style=\"border: 1px solid #707070; width: 553.337px;\"><span style=\"font-size: 14px;\">T\/T, L\/C, D<span style=\"color: #000000; font-family: Verdana, Arial, Helvetica, sans-serif; font-size: 14px; font-style: normal; font-weight: 400; background-color: #ffffff; float: none;\">\/<\/span>P<\/span><\/td>\n<\/tr>\n<tr>\n<td style=\"border: 1px solid #707070; width: 159.663px;\"><strong><span style=\"font-family: arial, helvetica, sans-serif; font-size: 14px;\">Avantage :<\/span><\/strong><\/td>\n<td style=\"border: 1px solid #707070; width: 553.337px;\"><span style=\"font-family: arial, helvetica, sans-serif; font-size: 14px;\">1) Service unique pour la pierre ;<\/span><\/p>\n<p><span style=\"font-family: arial, helvetica, sans-serif; font-size: 14px;\">2) poss\u00e8dent 3 carri\u00e8res et 9 usines ;<\/span><\/p>\n<p><span style=\"font-family: arial, helvetica, sans-serif; font-size: 14px;\">3) Des supports technologiques de pointe.<\/span><\/td>\n<\/tr>\n<tr>\n<td style=\"border: 1px solid #707070; width: 159.663px;\"><strong><span style=\"font-family: arial, helvetica, sans-serif; font-size: 14px;\">Assurance de la qualit\u00e9 et de la livraison :\u00a0<\/span><\/strong><\/td>\n<td style=\"border: 1px solid #707070; width: 553.337px;\"><span style=\"font-size: 14px;\">Tout au long du processus de production, du choix des mat\u00e9riaux \u00e0 l'emballage en passant par la fabrication, notre service de contr\u00f4le de la qualit\u00e9 contr\u00f4le rigoureusement chaque pi\u00e8ce et chaque processus afin de garantir le respect des normes de qualit\u00e9 et le respect des d\u00e9lais de livraison.<\/span><\/td>\n<\/tr>\n<\/tbody>\n<\/table>\n<p><img loading=\"lazy\" decoding=\"async\" class=\"alignnone size-full wp-image-26976\" src=\"http:\/\/stone-phoenix.com\/wp-content\/uploads\/2024\/03\/grey-granite-manufacturer-Wholesale-G603-7.jpg\" alt=\"\" width=\"1116\" height=\"711\" srcset=\"https:\/\/stone-phoenix.com\/wp-content\/uploads\/2024\/03\/grey-granite-manufacturer-Wholesale-G603-7.jpg 1116w, https:\/\/stone-phoenix.com\/wp-content\/uploads\/2024\/03\/grey-granite-manufacturer-Wholesale-G603-7-300x191.jpg 300w, https:\/\/stone-phoenix.com\/wp-content\/uploads\/2024\/03\/grey-granite-manufacturer-Wholesale-G603-7-1024x652.jpg 1024w, https:\/\/stone-phoenix.com\/wp-content\/uploads\/2024\/03\/grey-granite-manufacturer-Wholesale-G603-7-768x489.jpg 768w, https:\/\/stone-phoenix.com\/wp-content\/uploads\/2024\/03\/grey-granite-manufacturer-Wholesale-G603-7-18x12.jpg 18w, https:\/\/stone-phoenix.com\/wp-content\/uploads\/2024\/03\/grey-granite-manufacturer-Wholesale-G603-7-600x382.jpg 600w, https:\/\/stone-phoenix.com\/wp-content\/uploads\/2024\/03\/grey-granite-manufacturer-Wholesale-G603-7-150x96.jpg 150w\" sizes=\"(max-width: 1116px) 100vw, 1116px\" \/><\/p>\n<p><img loading=\"lazy\" decoding=\"async\" class=\"alignnone size-full wp-image-20806\" src=\"http:\/\/stone-phoenix.com\/wp-content\/uploads\/2023\/12\/1703881359.jpg\" width=\"1280\" height=\"720\" srcset=\"https:\/\/stone-phoenix.com\/wp-content\/uploads\/2023\/12\/1703881359.jpg 1280w, https:\/\/stone-phoenix.com\/wp-content\/uploads\/2023\/12\/1703881359-300x169.jpg 300w, https:\/\/stone-phoenix.com\/wp-content\/uploads\/2023\/12\/1703881359-1024x576.jpg 1024w, https:\/\/stone-phoenix.com\/wp-content\/uploads\/2023\/12\/1703881359-768x432.jpg 768w, https:\/\/stone-phoenix.com\/wp-content\/uploads\/2023\/12\/1703881359-18x10.jpg 18w, https:\/\/stone-phoenix.com\/wp-content\/uploads\/2023\/12\/1703881359-600x338.jpg 600w, https:\/\/stone-phoenix.com\/wp-content\/uploads\/2023\/12\/1703881359-150x84.jpg 150w\" sizes=\"(max-width: 1280px) 100vw, 1280px\" \/><br \/>\n<img loading=\"lazy\" decoding=\"async\" class=\"alignnone size-full wp-image-20807\" src=\"http:\/\/stone-phoenix.com\/wp-content\/uploads\/2023\/12\/1703881362.jpg\" width=\"960\" height=\"1280\" srcset=\"https:\/\/stone-phoenix.com\/wp-content\/uploads\/2023\/12\/1703881362.jpg 960w, https:\/\/stone-phoenix.com\/wp-content\/uploads\/2023\/12\/1703881362-225x300.jpg 225w, https:\/\/stone-phoenix.com\/wp-content\/uploads\/2023\/12\/1703881362-768x1024.jpg 768w, https:\/\/stone-phoenix.com\/wp-content\/uploads\/2023\/12\/1703881362-9x12.jpg 9w, https:\/\/stone-phoenix.com\/wp-content\/uploads\/2023\/12\/1703881362-600x800.jpg 600w, https:\/\/stone-phoenix.com\/wp-content\/uploads\/2023\/12\/1703881362-150x200.jpg 150w\" sizes=\"(max-width: 960px) 100vw, 960px\" \/><br \/>\n<img loading=\"lazy\" decoding=\"async\" class=\"alignnone size-full wp-image-20808\" src=\"http:\/\/stone-phoenix.com\/wp-content\/uploads\/2023\/12\/1703881364.jpg\" width=\"1280\" height=\"591\" srcset=\"https:\/\/stone-phoenix.com\/wp-content\/uploads\/2023\/12\/1703881364.jpg 1280w, https:\/\/stone-phoenix.com\/wp-content\/uploads\/2023\/12\/1703881364-300x139.jpg 300w, https:\/\/stone-phoenix.com\/wp-content\/uploads\/2023\/12\/1703881364-1024x473.jpg 1024w, https:\/\/stone-phoenix.com\/wp-content\/uploads\/2023\/12\/1703881364-768x355.jpg 768w, https:\/\/stone-phoenix.com\/wp-content\/uploads\/2023\/12\/1703881364-18x8.jpg 18w, https:\/\/stone-phoenix.com\/wp-content\/uploads\/2023\/12\/1703881364-600x277.jpg 600w, https:\/\/stone-phoenix.com\/wp-content\/uploads\/2023\/12\/1703881364-150x69.jpg 150w\" sizes=\"(max-width: 1280px) 100vw, 1280px\" \/><\/p>\n<p><img loading=\"lazy\" decoding=\"async\" class=\"alignnone size-full wp-image-20810\" src=\"http:\/\/stone-phoenix.com\/wp-content\/uploads\/2023\/12\/1703881369.jpg\" width=\"1024\" height=\"768\" srcset=\"https:\/\/stone-phoenix.com\/wp-content\/uploads\/2023\/12\/1703881369.jpg 1024w, https:\/\/stone-phoenix.com\/wp-content\/uploads\/2023\/12\/1703881369-300x225.jpg 300w, https:\/\/stone-phoenix.com\/wp-content\/uploads\/2023\/12\/1703881369-768x576.jpg 768w, https:\/\/stone-phoenix.com\/wp-content\/uploads\/2023\/12\/1703881369-16x12.jpg 16w, https:\/\/stone-phoenix.com\/wp-content\/uploads\/2023\/12\/1703881369-600x450.jpg 600w, https:\/\/stone-phoenix.com\/wp-content\/uploads\/2023\/12\/1703881369-150x113.jpg 150w\" sizes=\"(max-width: 1024px) 100vw, 1024px\" \/><br \/>\n<img loading=\"lazy\" decoding=\"async\" class=\"alignnone  wp-image-20811\" src=\"http:\/\/stone-phoenix.com\/wp-content\/uploads\/2023\/12\/1703881371.jpg\" width=\"958\" height=\"1277\" srcset=\"https:\/\/stone-phoenix.com\/wp-content\/uploads\/2023\/12\/1703881371.jpg 768w, https:\/\/stone-phoenix.com\/wp-content\/uploads\/2023\/12\/1703881371-225x300.jpg 225w, https:\/\/stone-phoenix.com\/wp-content\/uploads\/2023\/12\/1703881371-9x12.jpg 9w, https:\/\/stone-phoenix.com\/wp-content\/uploads\/2023\/12\/1703881371-600x800.jpg 600w, https:\/\/stone-phoenix.com\/wp-content\/uploads\/2023\/12\/1703881371-150x200.jpg 150w\" sizes=\"(max-width: 958px) 100vw, 958px\" \/><\/p>\n<p><img loading=\"lazy\" decoding=\"async\" class=\"alignnone size-full wp-image-26972\" src=\"http:\/\/stone-phoenix.com\/wp-content\/uploads\/2023\/12\/grey-granite-manufacturer-Wholesale-G603-9.jpg\" alt=\"\" width=\"1107\" height=\"837\" srcset=\"https:\/\/stone-phoenix.com\/wp-content\/uploads\/2023\/12\/grey-granite-manufacturer-Wholesale-G603-9.jpg 1107w, https:\/\/stone-phoenix.com\/wp-content\/uploads\/2023\/12\/grey-granite-manufacturer-Wholesale-G603-9-300x227.jpg 300w, https:\/\/stone-phoenix.com\/wp-content\/uploads\/2023\/12\/grey-granite-manufacturer-Wholesale-G603-9-1024x774.jpg 1024w, https:\/\/stone-phoenix.com\/wp-content\/uploads\/2023\/12\/grey-granite-manufacturer-Wholesale-G603-9-768x581.jpg 768w, https:\/\/stone-phoenix.com\/wp-content\/uploads\/2023\/12\/grey-granite-manufacturer-Wholesale-G603-9-16x12.jpg 16w, https:\/\/stone-phoenix.com\/wp-content\/uploads\/2023\/12\/grey-granite-manufacturer-Wholesale-G603-9-600x454.jpg 600w, https:\/\/stone-phoenix.com\/wp-content\/uploads\/2023\/12\/grey-granite-manufacturer-Wholesale-G603-9-150x113.jpg 150w\" sizes=\"(max-width: 1107px) 100vw, 1107px\" \/><img loading=\"lazy\" decoding=\"async\" class=\"alignnone size-full wp-image-26974\" src=\"http:\/\/stone-phoenix.com\/wp-content\/uploads\/2023\/12\/grey-granite-manufacturer-Wholesale-G603-10.jpg\" alt=\"\" width=\"1116\" height=\"775\" srcset=\"https:\/\/stone-phoenix.com\/wp-content\/uploads\/2023\/12\/grey-granite-manufacturer-Wholesale-G603-10.jpg 1116w, https:\/\/stone-phoenix.com\/wp-content\/uploads\/2023\/12\/grey-granite-manufacturer-Wholesale-G603-10-300x208.jpg 300w, https:\/\/stone-phoenix.com\/wp-content\/uploads\/2023\/12\/grey-granite-manufacturer-Wholesale-G603-10-1024x711.jpg 1024w, https:\/\/stone-phoenix.com\/wp-content\/uploads\/2023\/12\/grey-granite-manufacturer-Wholesale-G603-10-768x533.jpg 768w, https:\/\/stone-phoenix.com\/wp-content\/uploads\/2023\/12\/grey-granite-manufacturer-Wholesale-G603-10-18x12.jpg 18w, https:\/\/stone-phoenix.com\/wp-content\/uploads\/2023\/12\/grey-granite-manufacturer-Wholesale-G603-10-600x417.jpg 600w, https:\/\/stone-phoenix.com\/wp-content\/uploads\/2023\/12\/grey-granite-manufacturer-Wholesale-G603-10-150x104.jpg 150w\" sizes=\"(max-width: 1116px) 100vw, 1116px\" \/><img loading=\"lazy\" decoding=\"async\" class=\"alignnone  wp-image-26973\" src=\"http:\/\/stone-phoenix.com\/wp-content\/uploads\/2023\/12\/grey-granite-manufacturer-Wholesale-G603-8.jpg\" alt=\"\" width=\"954\" height=\"841\" srcset=\"https:\/\/stone-phoenix.com\/wp-content\/uploads\/2023\/12\/grey-granite-manufacturer-Wholesale-G603-8.jpg 825w, https:\/\/stone-phoenix.com\/wp-content\/uploads\/2023\/12\/grey-granite-manufacturer-Wholesale-G603-8-300x264.jpg 300w, https:\/\/stone-phoenix.com\/wp-content\/uploads\/2023\/12\/grey-granite-manufacturer-Wholesale-G603-8-768x677.jpg 768w, https:\/\/stone-phoenix.com\/wp-content\/uploads\/2023\/12\/grey-granite-manufacturer-Wholesale-G603-8-14x12.jpg 14w, https:\/\/stone-phoenix.com\/wp-content\/uploads\/2023\/12\/grey-granite-manufacturer-Wholesale-G603-8-600x529.jpg 600w, https:\/\/stone-phoenix.com\/wp-content\/uploads\/2023\/12\/grey-granite-manufacturer-Wholesale-G603-8-150x132.jpg 150w\" sizes=\"(max-width: 954px) 100vw, 954px\" \/><\/p>\n<\/div>\n<\/div>\n<\/div>","protected":false},"excerpt":{"rendered":"<p>grey granite manufacturer Wholesale G603 grey granite manufacturer is a popular building material that is used for various architectural and<\/p>","protected":false},"featured_media":26967,"template":"","meta":[],"product_cat":[112],"product_tag":[],"_links":{"self":[{"href":"https:\/\/stone-phoenix.com\/fr\/wp-json\/wp\/v2\/product\/26938"}],"collection":[{"href":"https:\/\/stone-phoenix.com\/fr\/wp-json\/wp\/v2\/product"}],"about":[{"href":"https:\/\/stone-phoenix.com\/fr\/wp-json\/wp\/v2\/types\/product"}],"wp:featuredmedia":[{"embeddable":true,"href":"https:\/\/stone-phoenix.com\/fr\/wp-json\/wp\/v2\/media\/26967"}],"wp:attachment":[{"href":"https:\/\/stone-phoenix.com\/fr\/wp-json\/wp\/v2\/media?parent=26938"}],"wp:term":[{"taxonomy":"product_cat","embeddable":true,"href":"https:\/\/stone-phoenix.com\/fr\/wp-json\/wp\/v2\/product_cat?post=26938"},{"taxonomy":"product_tag","embeddable":true,"href":"https:\/\/stone-phoenix.com\/fr\/wp-json\/wp\/v2\/product_tag?post=26938"}],"curies":[{"name":"wp","href":"https:\/\/api.w.org\/{rel}","templated":true}]}}