{"id":28478,"date":"2024-06-12T16:28:46","date_gmt":"2024-06-12T08:28:46","guid":{"rendered":"http:\/\/stone-phoenix.com\/?post_type=product&#038;p=28478"},"modified":"2024-06-12T16:29:20","modified_gmt":"2024-06-12T08:29:20","slug":"natural-stone-panel-black-sandstone-for-interior-exterior-wall-cladding","status":"publish","type":"product","link":"https:\/\/stone-phoenix.com\/fr\/produit\/natural-stone-panel-black-sandstone-for-interior-exterior-wall-cladding","title":{"rendered":"Panneau de pierre naturelle en gr\u00e8s noir pour rev\u00eatement mural int\u00e9rieur et ext\u00e9rieur"},"content":{"rendered":"<p><img loading=\"lazy\" decoding=\"async\" class=\"alignnone wp-image-28486\" src=\"http:\/\/stone-phoenix.com\/wp-content\/uploads\/2024\/06\/Natural-Split-Finish-China-Slate-Mushroom-Stone-Slabs-Wall-Stone-Cladding-Panel-6-1.jpg\" alt=\"\" width=\"904\" height=\"747\" srcset=\"https:\/\/stone-phoenix.com\/wp-content\/uploads\/2024\/06\/Natural-Split-Finish-China-Slate-Mushroom-Stone-Slabs-Wall-Stone-Cladding-Panel-6-1.jpg 865w, https:\/\/stone-phoenix.com\/wp-content\/uploads\/2024\/06\/Natural-Split-Finish-China-Slate-Mushroom-Stone-Slabs-Wall-Stone-Cladding-Panel-6-1-300x248.jpg 300w, https:\/\/stone-phoenix.com\/wp-content\/uploads\/2024\/06\/Natural-Split-Finish-China-Slate-Mushroom-Stone-Slabs-Wall-Stone-Cladding-Panel-6-1-768x635.jpg 768w, https:\/\/stone-phoenix.com\/wp-content\/uploads\/2024\/06\/Natural-Split-Finish-China-Slate-Mushroom-Stone-Slabs-Wall-Stone-Cladding-Panel-6-1-15x12.jpg 15w, https:\/\/stone-phoenix.com\/wp-content\/uploads\/2024\/06\/Natural-Split-Finish-China-Slate-Mushroom-Stone-Slabs-Wall-Stone-Cladding-Panel-6-1-600x496.jpg 600w, https:\/\/stone-phoenix.com\/wp-content\/uploads\/2024\/06\/Natural-Split-Finish-China-Slate-Mushroom-Stone-Slabs-Wall-Stone-Cladding-Panel-6-1-150x124.jpg 150w\" sizes=\"(max-width: 904px) 100vw, 904px\" \/><img loading=\"lazy\" decoding=\"async\" class=\"alignnone wp-image-28488\" src=\"http:\/\/stone-phoenix.com\/wp-content\/uploads\/2024\/06\/\u5fae\u4fe1\u622a\u56fe_20240612143509.jpg\" alt=\"\" width=\"907\" height=\"604\" srcset=\"https:\/\/stone-phoenix.com\/wp-content\/uploads\/2024\/06\/\u5fae\u4fe1\u622a\u56fe_20240612143509.jpg 766w, https:\/\/stone-phoenix.com\/wp-content\/uploads\/2024\/06\/\u5fae\u4fe1\u622a\u56fe_20240612143509-300x200.jpg 300w, https:\/\/stone-phoenix.com\/wp-content\/uploads\/2024\/06\/\u5fae\u4fe1\u622a\u56fe_20240612143509-18x12.jpg 18w, https:\/\/stone-phoenix.com\/wp-content\/uploads\/2024\/06\/\u5fae\u4fe1\u622a\u56fe_20240612143509-600x399.jpg 600w, https:\/\/stone-phoenix.com\/wp-content\/uploads\/2024\/06\/\u5fae\u4fe1\u622a\u56fe_20240612143509-150x100.jpg 150w\" sizes=\"(max-width: 907px) 100vw, 907px\" \/><img loading=\"lazy\" decoding=\"async\" class=\"alignnone size-full wp-image-28465\" src=\"http:\/\/stone-phoenix.com\/wp-content\/uploads\/2024\/06\/\u5fae\u4fe1\u622a\u56fe_20240612124119-1.jpg\" alt=\"\" width=\"1200\" height=\"991\" srcset=\"https:\/\/stone-phoenix.com\/wp-content\/uploads\/2024\/06\/\u5fae\u4fe1\u622a\u56fe_20240612124119-1.jpg 1200w, https:\/\/stone-phoenix.com\/wp-content\/uploads\/2024\/06\/\u5fae\u4fe1\u622a\u56fe_20240612124119-1-300x248.jpg 300w, https:\/\/stone-phoenix.com\/wp-content\/uploads\/2024\/06\/\u5fae\u4fe1\u622a\u56fe_20240612124119-1-1024x846.jpg 1024w, https:\/\/stone-phoenix.com\/wp-content\/uploads\/2024\/06\/\u5fae\u4fe1\u622a\u56fe_20240612124119-1-768x634.jpg 768w, https:\/\/stone-phoenix.com\/wp-content\/uploads\/2024\/06\/\u5fae\u4fe1\u622a\u56fe_20240612124119-1-15x12.jpg 15w, https:\/\/stone-phoenix.com\/wp-content\/uploads\/2024\/06\/\u5fae\u4fe1\u622a\u56fe_20240612124119-1-600x496.jpg 600w, https:\/\/stone-phoenix.com\/wp-content\/uploads\/2024\/06\/\u5fae\u4fe1\u622a\u56fe_20240612124119-1-150x124.jpg 150w\" sizes=\"(max-width: 1200px) 100vw, 1200px\" \/><\/p>","protected":false},"excerpt":{"rendered":"","protected":false},"featured_media":28482,"template":"","meta":[],"product_cat":[107],"product_tag":[],"_links":{"self":[{"href":"https:\/\/stone-phoenix.com\/fr\/wp-json\/wp\/v2\/product\/28478"}],"collection":[{"href":"https:\/\/stone-phoenix.com\/fr\/wp-json\/wp\/v2\/product"}],"about":[{"href":"https:\/\/stone-phoenix.com\/fr\/wp-json\/wp\/v2\/types\/product"}],"wp:featuredmedia":[{"embeddable":true,"href":"https:\/\/stone-phoenix.com\/fr\/wp-json\/wp\/v2\/media\/28482"}],"wp:attachment":[{"href":"https:\/\/stone-phoenix.com\/fr\/wp-json\/wp\/v2\/media?parent=28478"}],"wp:term":[{"taxonomy":"product_cat","embeddable":true,"href":"https:\/\/stone-phoenix.com\/fr\/wp-json\/wp\/v2\/product_cat?post=28478"},{"taxonomy":"product_tag","embeddable":true,"href":"https:\/\/stone-phoenix.com\/fr\/wp-json\/wp\/v2\/product_tag?post=28478"}],"curies":[{"name":"wp","href":"https:\/\/api.w.org\/{rel}","templated":true}]}}