{"id":28496,"date":"2024-06-12T17:34:31","date_gmt":"2024-06-12T09:34:31","guid":{"rendered":"http:\/\/stone-phoenix.com\/?post_type=product&#038;p=28496"},"modified":"2024-06-12T17:34:31","modified_gmt":"2024-06-12T09:34:31","slug":"antiqued-slate-cladding-outdoor-patio-stone-wood-burning-fireplace","status":"publish","type":"product","link":"https:\/\/stone-phoenix.com\/fr\/produit\/antiqued-slate-cladding-outdoor-patio-stone-wood-burning-fireplace","title":{"rendered":"Rev\u00eatement d'ardoise antique Patio ext\u00e9rieur Pierre Chemin\u00e9e \u00e0 bois"},"content":{"rendered":"<p><img loading=\"lazy\" decoding=\"async\" class=\"alignnone  wp-image-28501\" src=\"http:\/\/stone-phoenix.com\/wp-content\/uploads\/2024\/06\/\u5fae\u4fe1\u622a\u56fe_20240612124602.jpg\" alt=\"\" width=\"910\" height=\"602\" srcset=\"https:\/\/stone-phoenix.com\/wp-content\/uploads\/2024\/06\/\u5fae\u4fe1\u622a\u56fe_20240612124602.jpg 1144w, https:\/\/stone-phoenix.com\/wp-content\/uploads\/2024\/06\/\u5fae\u4fe1\u622a\u56fe_20240612124602-300x199.jpg 300w, https:\/\/stone-phoenix.com\/wp-content\/uploads\/2024\/06\/\u5fae\u4fe1\u622a\u56fe_20240612124602-1024x678.jpg 1024w, https:\/\/stone-phoenix.com\/wp-content\/uploads\/2024\/06\/\u5fae\u4fe1\u622a\u56fe_20240612124602-768x508.jpg 768w, https:\/\/stone-phoenix.com\/wp-content\/uploads\/2024\/06\/\u5fae\u4fe1\u622a\u56fe_20240612124602-18x12.jpg 18w, https:\/\/stone-phoenix.com\/wp-content\/uploads\/2024\/06\/\u5fae\u4fe1\u622a\u56fe_20240612124602-600x397.jpg 600w, https:\/\/stone-phoenix.com\/wp-content\/uploads\/2024\/06\/\u5fae\u4fe1\u622a\u56fe_20240612124602-150x99.jpg 150w\" sizes=\"(max-width: 910px) 100vw, 910px\" \/><img loading=\"lazy\" decoding=\"async\" class=\"alignnone size-full wp-image-28465\" src=\"http:\/\/stone-phoenix.com\/wp-content\/uploads\/2024\/06\/\u5fae\u4fe1\u622a\u56fe_20240612124119-1.jpg\" alt=\"\" width=\"1200\" height=\"991\" srcset=\"https:\/\/stone-phoenix.com\/wp-content\/uploads\/2024\/06\/\u5fae\u4fe1\u622a\u56fe_20240612124119-1.jpg 1200w, https:\/\/stone-phoenix.com\/wp-content\/uploads\/2024\/06\/\u5fae\u4fe1\u622a\u56fe_20240612124119-1-300x248.jpg 300w, https:\/\/stone-phoenix.com\/wp-content\/uploads\/2024\/06\/\u5fae\u4fe1\u622a\u56fe_20240612124119-1-1024x846.jpg 1024w, https:\/\/stone-phoenix.com\/wp-content\/uploads\/2024\/06\/\u5fae\u4fe1\u622a\u56fe_20240612124119-1-768x634.jpg 768w, https:\/\/stone-phoenix.com\/wp-content\/uploads\/2024\/06\/\u5fae\u4fe1\u622a\u56fe_20240612124119-1-15x12.jpg 15w, https:\/\/stone-phoenix.com\/wp-content\/uploads\/2024\/06\/\u5fae\u4fe1\u622a\u56fe_20240612124119-1-600x496.jpg 600w, https:\/\/stone-phoenix.com\/wp-content\/uploads\/2024\/06\/\u5fae\u4fe1\u622a\u56fe_20240612124119-1-150x124.jpg 150w\" sizes=\"(max-width: 1200px) 100vw, 1200px\" \/><\/p>","protected":false},"excerpt":{"rendered":"","protected":false},"featured_media":28497,"template":"","meta":[],"product_cat":[107],"product_tag":[],"_links":{"self":[{"href":"https:\/\/stone-phoenix.com\/fr\/wp-json\/wp\/v2\/product\/28496"}],"collection":[{"href":"https:\/\/stone-phoenix.com\/fr\/wp-json\/wp\/v2\/product"}],"about":[{"href":"https:\/\/stone-phoenix.com\/fr\/wp-json\/wp\/v2\/types\/product"}],"wp:featuredmedia":[{"embeddable":true,"href":"https:\/\/stone-phoenix.com\/fr\/wp-json\/wp\/v2\/media\/28497"}],"wp:attachment":[{"href":"https:\/\/stone-phoenix.com\/fr\/wp-json\/wp\/v2\/media?parent=28496"}],"wp:term":[{"taxonomy":"product_cat","embeddable":true,"href":"https:\/\/stone-phoenix.com\/fr\/wp-json\/wp\/v2\/product_cat?post=28496"},{"taxonomy":"product_tag","embeddable":true,"href":"https:\/\/stone-phoenix.com\/fr\/wp-json\/wp\/v2\/product_tag?post=28496"}],"curies":[{"name":"wp","href":"https:\/\/api.w.org\/{rel}","templated":true}]}}