{"id":28502,"date":"2024-06-12T18:12:45","date_gmt":"2024-06-12T10:12:45","guid":{"rendered":"http:\/\/stone-phoenix.com\/?post_type=product&#038;p=28502"},"modified":"2024-06-12T18:12:46","modified_gmt":"2024-06-12T10:12:46","slug":"cream-limestone-exterior-cladding-beige-limestone-pavers-wall-panel-stone-veneer","status":"publish","type":"product","link":"https:\/\/stone-phoenix.com\/fr\/produit\/cream-limestone-exterior-cladding-beige-limestone-pavers-wall-panel-stone-veneer","title":{"rendered":"Rev\u00eatement ext\u00e9rieur en pierre calcaire cr\u00e8me Pav\u00e9s en pierre calcaire beige Panneau mural Placage de pierre"},"content":{"rendered":"<p><img loading=\"lazy\" decoding=\"async\" class=\"alignnone size-full wp-image-28507\" src=\"http:\/\/stone-phoenix.com\/wp-content\/uploads\/2024\/06\/\u5fae\u4fe1\u622a\u56fe_20240612124906.jpg\" alt=\"\" width=\"1135\" height=\"1018\" srcset=\"https:\/\/stone-phoenix.com\/wp-content\/uploads\/2024\/06\/\u5fae\u4fe1\u622a\u56fe_20240612124906.jpg 1135w, https:\/\/stone-phoenix.com\/wp-content\/uploads\/2024\/06\/\u5fae\u4fe1\u622a\u56fe_20240612124906-300x269.jpg 300w, https:\/\/stone-phoenix.com\/wp-content\/uploads\/2024\/06\/\u5fae\u4fe1\u622a\u56fe_20240612124906-1024x918.jpg 1024w, https:\/\/stone-phoenix.com\/wp-content\/uploads\/2024\/06\/\u5fae\u4fe1\u622a\u56fe_20240612124906-768x689.jpg 768w, https:\/\/stone-phoenix.com\/wp-content\/uploads\/2024\/06\/\u5fae\u4fe1\u622a\u56fe_20240612124906-13x12.jpg 13w, https:\/\/stone-phoenix.com\/wp-content\/uploads\/2024\/06\/\u5fae\u4fe1\u622a\u56fe_20240612124906-600x538.jpg 600w, https:\/\/stone-phoenix.com\/wp-content\/uploads\/2024\/06\/\u5fae\u4fe1\u622a\u56fe_20240612124906-150x135.jpg 150w\" sizes=\"(max-width: 1135px) 100vw, 1135px\" \/><img loading=\"lazy\" decoding=\"async\" class=\"alignnone size-full wp-image-28508\" src=\"http:\/\/stone-phoenix.com\/wp-content\/uploads\/2024\/06\/\u5fae\u4fe1\u622a\u56fe_20240612125105.jpg\" alt=\"\" width=\"1125\" height=\"883\" srcset=\"https:\/\/stone-phoenix.com\/wp-content\/uploads\/2024\/06\/\u5fae\u4fe1\u622a\u56fe_20240612125105.jpg 1125w, https:\/\/stone-phoenix.com\/wp-content\/uploads\/2024\/06\/\u5fae\u4fe1\u622a\u56fe_20240612125105-300x235.jpg 300w, https:\/\/stone-phoenix.com\/wp-content\/uploads\/2024\/06\/\u5fae\u4fe1\u622a\u56fe_20240612125105-1024x804.jpg 1024w, https:\/\/stone-phoenix.com\/wp-content\/uploads\/2024\/06\/\u5fae\u4fe1\u622a\u56fe_20240612125105-768x603.jpg 768w, https:\/\/stone-phoenix.com\/wp-content\/uploads\/2024\/06\/\u5fae\u4fe1\u622a\u56fe_20240612125105-15x12.jpg 15w, https:\/\/stone-phoenix.com\/wp-content\/uploads\/2024\/06\/\u5fae\u4fe1\u622a\u56fe_20240612125105-600x471.jpg 600w, https:\/\/stone-phoenix.com\/wp-content\/uploads\/2024\/06\/\u5fae\u4fe1\u622a\u56fe_20240612125105-150x118.jpg 150w\" sizes=\"(max-width: 1125px) 100vw, 1125px\" \/><\/p>","protected":false},"excerpt":{"rendered":"","protected":false},"featured_media":28503,"template":"","meta":[],"product_cat":[107],"product_tag":[],"_links":{"self":[{"href":"https:\/\/stone-phoenix.com\/fr\/wp-json\/wp\/v2\/product\/28502"}],"collection":[{"href":"https:\/\/stone-phoenix.com\/fr\/wp-json\/wp\/v2\/product"}],"about":[{"href":"https:\/\/stone-phoenix.com\/fr\/wp-json\/wp\/v2\/types\/product"}],"wp:featuredmedia":[{"embeddable":true,"href":"https:\/\/stone-phoenix.com\/fr\/wp-json\/wp\/v2\/media\/28503"}],"wp:attachment":[{"href":"https:\/\/stone-phoenix.com\/fr\/wp-json\/wp\/v2\/media?parent=28502"}],"wp:term":[{"taxonomy":"product_cat","embeddable":true,"href":"https:\/\/stone-phoenix.com\/fr\/wp-json\/wp\/v2\/product_cat?post=28502"},{"taxonomy":"product_tag","embeddable":true,"href":"https:\/\/stone-phoenix.com\/fr\/wp-json\/wp\/v2\/product_tag?post=28502"}],"curies":[{"name":"wp","href":"https:\/\/api.w.org\/{rel}","templated":true}]}}